{"id":3257,"date":"2026-03-28T08:26:25","date_gmt":"2026-03-28T08:26:25","guid":{"rendered":"https:\/\/kawazpianka.pl\/?post_type=product&#038;p=3257"},"modified":"2026-03-28T08:27:42","modified_gmt":"2026-03-28T08:27:42","slug":"wiosenne-migdaly-zawieszka-100g","status":"publish","type":"product","link":"https:\/\/kawazpianka.pl\/index.php\/produkt\/wiosenne-migdaly-zawieszka-100g\/","title":{"rendered":"Wiosenne migda\u0142y zawieszka 100g"},"content":{"rendered":"<p>Mix migda\u0142\u00f3w oblanych wy\u015bmienit\u0105 czekolad\u0105: bia\u0142\u0105, malinow\u0105, o bia\u0142\u0105 z Matcha.<\/p>\n<p>wspaniale smakuj\u0105<\/p>\n<p>pi\u0119knie wygl\u0105daj\u0105<\/p>\n<p>mog\u0105 pos\u0142u\u017cy\u0107 jako dekoracja ciast, babeczek iin.<\/p>\n<p>&nbsp;<\/p>\n<p>100g<\/p>\n","protected":false},"excerpt":{"rendered":"<p>Mix migda\u0142\u00f3w oblanych wy\u015bmienit\u0105 czekolad\u0105: bia\u0142\u0105, malinow\u0105, o bia\u0142\u0105 z  [&#8230;]<\/p>\n","protected":false},"featured_media":3251,"comment_status":"open","ping_status":"closed","template":"","meta":[],"product_brand":[],"product_cat":[94,116,31],"product_tag":[],"class_list":{"0":"post-3257","1":"product","2":"type-product","3":"status-publish","4":"has-post-thumbnail","6":"product_cat-bakalie-w-czekoladzie","7":"product_cat-wiosna","8":"product_cat-slodkosci","10":"first","11":"instock","12":"shipping-taxable","13":"purchasable","14":"product-type-simple"},"_links":{"self":[{"href":"https:\/\/kawazpianka.pl\/index.php\/wp-json\/wp\/v2\/product\/3257","targetHints":{"allow":["GET"]}}],"collection":[{"href":"https:\/\/kawazpianka.pl\/index.php\/wp-json\/wp\/v2\/product"}],"about":[{"href":"https:\/\/kawazpianka.pl\/index.php\/wp-json\/wp\/v2\/types\/product"}],"replies":[{"embeddable":true,"href":"https:\/\/kawazpianka.pl\/index.php\/wp-json\/wp\/v2\/comments?post=3257"}],"wp:featuredmedia":[{"embeddable":true,"href":"https:\/\/kawazpianka.pl\/index.php\/wp-json\/wp\/v2\/media\/3251"}],"wp:attachment":[{"href":"https:\/\/kawazpianka.pl\/index.php\/wp-json\/wp\/v2\/media?parent=3257"}],"wp:term":[{"taxonomy":"product_brand","embeddable":true,"href":"https:\/\/kawazpianka.pl\/index.php\/wp-json\/wp\/v2\/product_brand?post=3257"},{"taxonomy":"product_cat","embeddable":true,"href":"https:\/\/kawazpianka.pl\/index.php\/wp-json\/wp\/v2\/product_cat?post=3257"},{"taxonomy":"product_tag","embeddable":true,"href":"https:\/\/kawazpianka.pl\/index.php\/wp-json\/wp\/v2\/product_tag?post=3257"}],"curies":[{"name":"wp","href":"https:\/\/api.w.org\/{rel}","templated":true}]}}