{"id":3241,"date":"2026-03-28T08:14:17","date_gmt":"2026-03-28T08:14:17","guid":{"rendered":"https:\/\/kawazpianka.pl\/?post_type=product&#038;p=3241"},"modified":"2026-03-28T08:18:36","modified_gmt":"2026-03-28T08:18:36","slug":"kawa-kajmakowa","status":"publish","type":"product","link":"https:\/\/kawazpianka.pl\/index.php\/produkt\/kawa-kajmakowa\/","title":{"rendered":"Kawa Kajmakowa"},"content":{"rendered":"<div style=\"font-family: 'Helvetica Neue', Arial, sans-serif; line-height: 1.7; color: #222; font-size: 15px;\">\n<p>Finezyjny smak mlecznego kremu z nut\u0105 <strong>\u015bmietanki<\/strong> i <strong>br\u0105zowego cukru<\/strong> \u2014 na bazie<br \/>\n<strong>100% Arabiki z Brazylii<\/strong>. Wy\u015bmienita jako czarna i z dodatkiem mleka czy puszystej bitej \u015bmietanki.<\/p>\n<div style=\"margin: 20px 0; padding: 14px 18px; border: 1px solid #eee; border-radius: 8px;\">\n<h4 style=\"margin: 0 0 10px 0; font-size: 16px; font-weight: 600;\">Profil aromatyczny<\/h4>\n<ul style=\"padding: 0; margin: 0;\">\n<li>\ud83c\udf6e Krem \u015bmietankowy<\/li>\n<li>\ud83c\udf6f Br\u0105zowy cukier, karmel<\/li>\n<li>\u2615 Uniwersalna: czarna i mleczna<\/li>\n<\/ul>\n<\/div>\n<div style=\"margin-top: 14px; font-size: 14px; color: #444;\">\n<p style=\"margin: 0 0 6px 0;\"><strong>Sk\u0142ad:<\/strong> 100% Arabica (Brazylia), aromat.<\/p>\n<p style=\"margin: 0 0 6px 0;\"><strong>Spos\u00f3b przechowywania:<\/strong> przechowywa\u0107 w suchym miejscu, temp. poni\u017cej 25\u00b0C, w szczelnie zamkni\u0119tym opakowaniu.<\/p>\n<p style=\"margin: 0; color: #a00;\"><em>*Nie zalecamy stosowania w ekspresach automatycznych wyposa\u017conych w m\u0142ynek.<\/em><\/p>\n<\/div>\n<\/div>\n","protected":false},"excerpt":{"rendered":"<p>Finezyjny smak mlecznego kremu z nut\u0105 \u015bmietanki i br\u0105zowego cukru  [&#8230;]<\/p>\n","protected":false},"featured_media":3234,"comment_status":"open","ping_status":"closed","template":"","meta":[],"product_brand":[],"product_cat":[37,26,116],"product_tag":[],"class_list":{"0":"post-3241","1":"product","2":"type-product","3":"status-publish","4":"has-post-thumbnail","6":"product_cat-2kawa-aromatyczna","7":"product_cat-4kawa","8":"product_cat-wiosna","10":"first","11":"instock","12":"shipping-taxable","13":"purchasable","14":"product-type-variable","15":"has-default-attributes"},"_links":{"self":[{"href":"https:\/\/kawazpianka.pl\/index.php\/wp-json\/wp\/v2\/product\/3241","targetHints":{"allow":["GET"]}}],"collection":[{"href":"https:\/\/kawazpianka.pl\/index.php\/wp-json\/wp\/v2\/product"}],"about":[{"href":"https:\/\/kawazpianka.pl\/index.php\/wp-json\/wp\/v2\/types\/product"}],"replies":[{"embeddable":true,"href":"https:\/\/kawazpianka.pl\/index.php\/wp-json\/wp\/v2\/comments?post=3241"}],"wp:featuredmedia":[{"embeddable":true,"href":"https:\/\/kawazpianka.pl\/index.php\/wp-json\/wp\/v2\/media\/3234"}],"wp:attachment":[{"href":"https:\/\/kawazpianka.pl\/index.php\/wp-json\/wp\/v2\/media?parent=3241"}],"wp:term":[{"taxonomy":"product_brand","embeddable":true,"href":"https:\/\/kawazpianka.pl\/index.php\/wp-json\/wp\/v2\/product_brand?post=3241"},{"taxonomy":"product_cat","embeddable":true,"href":"https:\/\/kawazpianka.pl\/index.php\/wp-json\/wp\/v2\/product_cat?post=3241"},{"taxonomy":"product_tag","embeddable":true,"href":"https:\/\/kawazpianka.pl\/index.php\/wp-json\/wp\/v2\/product_tag?post=3241"}],"curies":[{"name":"wp","href":"https:\/\/api.w.org\/{rel}","templated":true}]}}