{"id":3235,"date":"2026-03-28T08:05:52","date_gmt":"2026-03-28T08:05:52","guid":{"rendered":"https:\/\/kawazpianka.pl\/?post_type=product&#038;p=3235"},"modified":"2026-03-28T08:12:24","modified_gmt":"2026-03-28T08:12:24","slug":"herbata-wiosenna","status":"publish","type":"product","link":"https:\/\/kawazpianka.pl\/index.php\/produkt\/herbata-wiosenna\/","title":{"rendered":"Herbata Wiosenna zielona 70g"},"content":{"rendered":"<p>Wspania\u0142a zielona herbata posiada w swoim sk\u0142adzie kawa\u0142ki kandyzowanego ananasa, p\u0142atki ja\u015bminu oraz b\u0142awatka. Delikatnie s\u0142odka, \u015bwie\u017ca kompozycja z nut\u0105 kaktusa, dzi\u0119ki czemu nada si\u0119 idealnie do chwili oddechu przy podwieczorku. Fajna z dodatkami, \u015bwietne po\u0142\u0105czenie sk\u0142adnik\u00f3w i aromatu opuncji figowej.<\/p>\n<p><!-- NOWOCZESNE DODATKI --><\/p>\n<div style=\"margin: 25px 0; padding: 15px 20px; border: 1px solid #eee; border-radius: 8px;\">\n<h4 style=\"margin: 0 0 10px 0; font-size: 16px; font-weight: 600;\">Profil smakowy<\/h4>\n<ul style=\"padding: 0; margin: 0;\">\n<li>\ud83c\udf35 Nuta kaktusa (opuncja figowa)<\/li>\n<li>\ud83c\udf4d S\u0142odki ananas<\/li>\n<li>\ud83c\udf38 Delikatny ja\u015bmin<\/li>\n<li>\ud83c\udf6c Delikatnie s\u0142odka, \u015bwie\u017ca kompozycja<\/li>\n<\/ul>\n<\/div>\n<h4 style=\"margin: 20px 0 10px 0; font-size: 16px; font-weight: 600;\">Charakterystyka herbaty<\/h4>\n<p>Wspania\u0142a zielona herbata Sencha China z dodatkami: kandyzowany ananas, p\u0142atki ja\u015bminu i b\u0142awatka. Idealna na chwil\u0119 oddechu przy podwieczorku, zapewniaj\u0105ca <strong>\u015bwietne po\u0142\u0105czenie sk\u0142adnik\u00f3w i aromatu<\/strong>.<\/p>\n<h4 style=\"margin: 20px 0 10px 0; font-size: 16px; font-weight: 600;\">Spos\u00f3b przygotowania<\/h4>\n<ul style=\"padding: 0; margin: 0;\">\n<li>\ud83c\udf43 Ilo\u015b\u0107 herbaty: Ok. 1 \u0142y\u017ceczka na fili\u017cank\u0119<\/li>\n<li>\ud83c\udf21\ufe0f Temperatura wody: ok. 85\u00b0C<\/li>\n<li>\u23f3 Czas parzenia: 3 minuty (mo\u017cna zaparzy\u0107 drugi raz po wypiciu\/zlaniu)<\/li>\n<\/ul>\n<h4 style=\"margin: 20px 0 10px 0; font-size: 16px; font-weight: 600;\">Sk\u0142adniki<\/h4>\n<ul style=\"padding: 0; margin: 0;\">\n<li>\ud83c\udf3f Herbata zielona Sencha China<\/li>\n<li>\ud83c\udf4d Ananas kandyzowany<\/li>\n<li>\ud83c\udf38 Ja\u015bmin, b\u0142awatek<\/li>\n<li>\ud83d\udc43 Aromat<\/li>\n<\/ul>\n<h4 style=\"margin: 20px 0 10px 0; font-size: 16px; font-weight: 600;\">Spos\u00f3b przechowywania<\/h4>\n<p>Przechowywa\u0107 w suchym miejscu i temperaturze poni\u017cej 25\u00b0C, w szczelnie zamkni\u0119tym opakowaniu.<\/p>\n<div style=\"margin-top: 20px; padding: 15px; text-align: center; font-style: italic; background: #fafafa; border-radius: 6px;\">Idealna dla mi\u0142o\u015bnik\u00f3w <strong>delikatnych, s\u0142odko-owocowych zielonych herbat z nut\u0105 kaktusa<\/strong>.<\/div>\n","protected":false},"excerpt":{"rendered":"<p>Wspania\u0142a zielona herbata posiada w swoim sk\u0142adzie kawa\u0142ki kandyzowanego ananasa,  [&#8230;]<\/p>\n","protected":false},"featured_media":3233,"comment_status":"open","ping_status":"closed","template":"","meta":[],"product_brand":[],"product_cat":[27,116,40],"product_tag":[],"class_list":{"0":"post-3235","1":"product","2":"type-product","3":"status-publish","4":"has-post-thumbnail","6":"product_cat-5herbata","7":"product_cat-wiosna","8":"product_cat-2herbata-zielona","10":"first","11":"instock","12":"shipping-taxable","13":"purchasable","14":"product-type-simple"},"_links":{"self":[{"href":"https:\/\/kawazpianka.pl\/index.php\/wp-json\/wp\/v2\/product\/3235","targetHints":{"allow":["GET"]}}],"collection":[{"href":"https:\/\/kawazpianka.pl\/index.php\/wp-json\/wp\/v2\/product"}],"about":[{"href":"https:\/\/kawazpianka.pl\/index.php\/wp-json\/wp\/v2\/types\/product"}],"replies":[{"embeddable":true,"href":"https:\/\/kawazpianka.pl\/index.php\/wp-json\/wp\/v2\/comments?post=3235"}],"wp:featuredmedia":[{"embeddable":true,"href":"https:\/\/kawazpianka.pl\/index.php\/wp-json\/wp\/v2\/media\/3233"}],"wp:attachment":[{"href":"https:\/\/kawazpianka.pl\/index.php\/wp-json\/wp\/v2\/media?parent=3235"}],"wp:term":[{"taxonomy":"product_brand","embeddable":true,"href":"https:\/\/kawazpianka.pl\/index.php\/wp-json\/wp\/v2\/product_brand?post=3235"},{"taxonomy":"product_cat","embeddable":true,"href":"https:\/\/kawazpianka.pl\/index.php\/wp-json\/wp\/v2\/product_cat?post=3235"},{"taxonomy":"product_tag","embeddable":true,"href":"https:\/\/kawazpianka.pl\/index.php\/wp-json\/wp\/v2\/product_tag?post=3235"}],"curies":[{"name":"wp","href":"https:\/\/api.w.org\/{rel}","templated":true}]}}