{"id":3227,"date":"2026-03-28T07:53:51","date_gmt":"2026-03-28T07:53:51","guid":{"rendered":"https:\/\/kawazpianka.pl\/?post_type=product&#038;p=3227"},"modified":"2026-03-28T07:56:31","modified_gmt":"2026-03-28T07:56:31","slug":"mini-miodek-40g-wiosenny","status":"publish","type":"product","link":"https:\/\/kawazpianka.pl\/index.php\/produkt\/mini-miodek-40g-wiosenny\/","title":{"rendered":"mini miodek 40g wiosenny"},"content":{"rendered":"<h3>mini miodek wielokwiatowy<\/h3>\n<p>fajny jako dodatek do upomink\u00f3w,<\/p>\n<p>do herbatki<\/p>\n<p>dla go\u015bci na r\u00f3\u017cnego rodzaju uroczysto\u015bci takie jak chrzest, komunia, wesele<\/p>\n<p>Limonkowa etykieta pasuje do wiosennych kompozycji upominkowych<\/p>\n<p>&nbsp;<\/p>\n<p>40g<\/p>\n","protected":false},"excerpt":{"rendered":"<p>mini miodek wielokwiatowy fajny jako dodatek do upomink\u00f3w, do herbatki  [&#8230;]<\/p>\n","protected":false},"featured_media":3226,"comment_status":"open","ping_status":"closed","template":"","meta":[],"product_brand":[],"product_cat":[90,116,30],"product_tag":[],"class_list":{"0":"post-3227","1":"product","2":"type-product","3":"status-publish","4":"has-post-thumbnail","6":"product_cat-miody","7":"product_cat-wiosna","8":"product_cat-spizarnia","10":"first","11":"instock","12":"shipping-taxable","13":"purchasable","14":"product-type-simple"},"_links":{"self":[{"href":"https:\/\/kawazpianka.pl\/index.php\/wp-json\/wp\/v2\/product\/3227","targetHints":{"allow":["GET"]}}],"collection":[{"href":"https:\/\/kawazpianka.pl\/index.php\/wp-json\/wp\/v2\/product"}],"about":[{"href":"https:\/\/kawazpianka.pl\/index.php\/wp-json\/wp\/v2\/types\/product"}],"replies":[{"embeddable":true,"href":"https:\/\/kawazpianka.pl\/index.php\/wp-json\/wp\/v2\/comments?post=3227"}],"wp:featuredmedia":[{"embeddable":true,"href":"https:\/\/kawazpianka.pl\/index.php\/wp-json\/wp\/v2\/media\/3226"}],"wp:attachment":[{"href":"https:\/\/kawazpianka.pl\/index.php\/wp-json\/wp\/v2\/media?parent=3227"}],"wp:term":[{"taxonomy":"product_brand","embeddable":true,"href":"https:\/\/kawazpianka.pl\/index.php\/wp-json\/wp\/v2\/product_brand?post=3227"},{"taxonomy":"product_cat","embeddable":true,"href":"https:\/\/kawazpianka.pl\/index.php\/wp-json\/wp\/v2\/product_cat?post=3227"},{"taxonomy":"product_tag","embeddable":true,"href":"https:\/\/kawazpianka.pl\/index.php\/wp-json\/wp\/v2\/product_tag?post=3227"}],"curies":[{"name":"wp","href":"https:\/\/api.w.org\/{rel}","templated":true}]}}