{"id":3188,"date":"2026-03-03T10:18:43","date_gmt":"2026-03-03T10:18:43","guid":{"rendered":"https:\/\/kawazpianka.pl\/?post_type=product&#038;p=3188"},"modified":"2026-03-03T10:53:02","modified_gmt":"2026-03-03T10:53:02","slug":"ciastko-rozmaryn-sol-60g","status":"publish","type":"product","link":"https:\/\/kawazpianka.pl\/index.php\/produkt\/ciastko-rozmaryn-sol-60g\/","title":{"rendered":"Ciastko rozmaryn-s\u00f3l 60g"},"content":{"rendered":"<p>Ciastko na bazie bezglutenowych p\u0142atk\u00f3w owsianych z dodatkiem rozmarynu.<\/p>\n<p><strong>Sk\u0142adniki<\/strong>: p\u0142atki <strong>owsiane<\/strong> bezglutenowe 24,6 %, olej kokosowy, daktyle, siemi\u0119 lnu z\u0142ote, m\u0105ka ry\u017cowa, m\u0105ka teff, \u0142uska babki jajowatej, s\u00f3l k\u0142odawska 1,38 %, rozmaryn 1,1 %.<\/p>\n<p><strong>Warto\u015bci od\u017cywcza w 100 g produktu:<br \/>\n<\/strong>warto\u015b\u0107 energetyczna: 2012 kJ\/481 kcal, T\u0142uszcz: 30,5 g (w tym kwasy t\u0142. nasycone: 20,3 g), W\u0119glowodany: 32,5 g (w tym cukry: 11,6 g), B\u0142onnik: 10,9 g,\u00a0Bia\u0142ko:\u00a05,6g,\u00a0S\u00f3l: 1,38 g.<\/p>\n<p>&nbsp;<\/p>\n<p><strong>Nie zawiera:<\/strong>\u00a0glutenu, laktozy. Bez dodatku cukru. Wega\u0144ski!<\/p>\n<p>Masa netto: 60g (2szt. w opakowaniu)<\/p>\n","protected":false},"excerpt":{"rendered":"<p>Ciastko na bazie bezglutenowych p\u0142atk\u00f3w owsianych z dodatkiem rozmarynu. Sk\u0142adniki:  [&#8230;]<\/p>\n","protected":false},"featured_media":3175,"comment_status":"open","ping_status":"closed","template":"","meta":[],"product_brand":[],"product_cat":[104,32,116],"product_tag":[],"class_list":{"0":"post-3188","1":"product","2":"type-product","3":"status-publish","4":"has-post-thumbnail","6":"product_cat-i-cos-jeszcze","7":"product_cat-masz-juz-wszystko","8":"product_cat-wiosna","10":"first","11":"instock","12":"shipping-taxable","13":"purchasable","14":"product-type-simple"},"_links":{"self":[{"href":"https:\/\/kawazpianka.pl\/index.php\/wp-json\/wp\/v2\/product\/3188","targetHints":{"allow":["GET"]}}],"collection":[{"href":"https:\/\/kawazpianka.pl\/index.php\/wp-json\/wp\/v2\/product"}],"about":[{"href":"https:\/\/kawazpianka.pl\/index.php\/wp-json\/wp\/v2\/types\/product"}],"replies":[{"embeddable":true,"href":"https:\/\/kawazpianka.pl\/index.php\/wp-json\/wp\/v2\/comments?post=3188"}],"wp:featuredmedia":[{"embeddable":true,"href":"https:\/\/kawazpianka.pl\/index.php\/wp-json\/wp\/v2\/media\/3175"}],"wp:attachment":[{"href":"https:\/\/kawazpianka.pl\/index.php\/wp-json\/wp\/v2\/media?parent=3188"}],"wp:term":[{"taxonomy":"product_brand","embeddable":true,"href":"https:\/\/kawazpianka.pl\/index.php\/wp-json\/wp\/v2\/product_brand?post=3188"},{"taxonomy":"product_cat","embeddable":true,"href":"https:\/\/kawazpianka.pl\/index.php\/wp-json\/wp\/v2\/product_cat?post=3188"},{"taxonomy":"product_tag","embeddable":true,"href":"https:\/\/kawazpianka.pl\/index.php\/wp-json\/wp\/v2\/product_tag?post=3188"}],"curies":[{"name":"wp","href":"https:\/\/api.w.org\/{rel}","templated":true}]}}