{"id":3186,"date":"2026-03-03T10:16:19","date_gmt":"2026-03-03T10:16:19","guid":{"rendered":"https:\/\/kawazpianka.pl\/?post_type=product&#038;p=3186"},"modified":"2026-03-03T10:53:26","modified_gmt":"2026-03-03T10:53:26","slug":"ciastko-szpinak-majeranek-50g","status":"publish","type":"product","link":"https:\/\/kawazpianka.pl\/index.php\/produkt\/ciastko-szpinak-majeranek-50g\/","title":{"rendered":"Ciastko szpinak-majeranek 60g"},"content":{"rendered":"<p>Ciastko na bazie bezglutenowych p\u0142atk\u00f3w owsianych ze szpinakiem suszonym i dodatkiem majeranku.<\/p>\n<p><strong>Sk\u0142adniki<\/strong>: p\u0142atki <strong>owsiane<\/strong> bezglutenowe 23,6 %, olej kokosowy, daktyle, siemi\u0119 lnu z\u0142ote, m\u0105ka ry\u017cowa, m\u0105ka teff, szpinak suszony 3 %, \u0142uska babki jajowatej, s\u00f3l k\u0142odawska, czosnek suszony, majeranek 0,3 %, pieprz. Produkt bezglutenowy<\/p>\n<p><strong>Warto\u015b\u0107 od\u017cywcza w 100 g produktu:<br \/>\n<\/strong>Warto\u015b\u0107 energetyczna: 2012 kJ\/481 kcal, T\u0142uszcz: 29,7 g (w tym kwasy t\u0142. nasycone: 19,7 g), W\u0119glowodany: 33,1 g (w tym cukry: 12,1 g), B\u0142onnik: 11,8 g,\u00a0Bia\u0142ko: 10,1 g,\u00a0S\u00f3l: 1,3 g.<\/p>\n<p>&nbsp;<\/p>\n<p><strong>Nie zawiera:<\/strong>\u00a0glutenu, laktozy. Bez dodatku cukru. Wega\u0144ski!<\/p>\n<p>Masa netto: 60g (2szt. w opakowaniu)<\/p>\n","protected":false},"excerpt":{"rendered":"<p>Ciastko na bazie bezglutenowych p\u0142atk\u00f3w owsianych ze szpinakiem suszonym i  [&#8230;]<\/p>\n","protected":false},"featured_media":3193,"comment_status":"open","ping_status":"closed","template":"","meta":[],"product_brand":[],"product_cat":[104,32,116],"product_tag":[],"class_list":{"0":"post-3186","1":"product","2":"type-product","3":"status-publish","4":"has-post-thumbnail","6":"product_cat-i-cos-jeszcze","7":"product_cat-masz-juz-wszystko","8":"product_cat-wiosna","10":"first","11":"instock","12":"shipping-taxable","13":"purchasable","14":"product-type-simple"},"_links":{"self":[{"href":"https:\/\/kawazpianka.pl\/index.php\/wp-json\/wp\/v2\/product\/3186","targetHints":{"allow":["GET"]}}],"collection":[{"href":"https:\/\/kawazpianka.pl\/index.php\/wp-json\/wp\/v2\/product"}],"about":[{"href":"https:\/\/kawazpianka.pl\/index.php\/wp-json\/wp\/v2\/types\/product"}],"replies":[{"embeddable":true,"href":"https:\/\/kawazpianka.pl\/index.php\/wp-json\/wp\/v2\/comments?post=3186"}],"wp:featuredmedia":[{"embeddable":true,"href":"https:\/\/kawazpianka.pl\/index.php\/wp-json\/wp\/v2\/media\/3193"}],"wp:attachment":[{"href":"https:\/\/kawazpianka.pl\/index.php\/wp-json\/wp\/v2\/media?parent=3186"}],"wp:term":[{"taxonomy":"product_brand","embeddable":true,"href":"https:\/\/kawazpianka.pl\/index.php\/wp-json\/wp\/v2\/product_brand?post=3186"},{"taxonomy":"product_cat","embeddable":true,"href":"https:\/\/kawazpianka.pl\/index.php\/wp-json\/wp\/v2\/product_cat?post=3186"},{"taxonomy":"product_tag","embeddable":true,"href":"https:\/\/kawazpianka.pl\/index.php\/wp-json\/wp\/v2\/product_tag?post=3186"}],"curies":[{"name":"wp","href":"https:\/\/api.w.org\/{rel}","templated":true}]}}