{"id":3185,"date":"2026-03-03T10:12:02","date_gmt":"2026-03-03T10:12:02","guid":{"rendered":"https:\/\/kawazpianka.pl\/?post_type=product&#038;p=3185"},"modified":"2026-03-03T10:53:36","modified_gmt":"2026-03-03T10:53:36","slug":"ciastka-sezamowe-z-zurawina-150g","status":"publish","type":"product","link":"https:\/\/kawazpianka.pl\/index.php\/produkt\/ciastka-sezamowe-z-zurawina-150g\/","title":{"rendered":"Ciastka sezamowe z \u017curawin\u0105 150g"},"content":{"rendered":"<p>Ciastka na bazie sezamu z\u00a0\u017curawin\u0105 i miodem naturalnym.\u00a0Produkt zawiera substancje s\u0142odz\u0105ce i naturalnie wyst\u0119puj\u0105ce cukry.<\/p>\n<p>Sk\u0142adniki:\u00a0<strong>sezam<\/strong>\u00a026 %, m\u0105ka ry\u017cowa, m\u0105ka gryczana, olej kokosowy, daktyle, siemi\u0119 lnu z\u0142ote, erytrytol (substancja s\u0142odz\u0105ca), ksylitol (substancja s\u0142odz\u0105ca), \u017curawina 5,3 % (\u017curawina suszona, 60 %, koncentrat soku jab\u0142kowego, olej s\u0142onecznikowy), mi\u00f3d naturalny 4 %, s\u00f3l k\u0142odawska, wanilia.<\/p>\n<p><strong>Tabela warto\u015bci od\u017cywczych na 100 g:<br \/>\n<\/strong>warto\u015b\u0107 energetyczna 1815 kJ\/434 kcal, t\u0142uszcz 29,2 g (w tym kwasy t\u0142uszczowe nasycone 12,6 g), w\u0119glowodany 26,9 g (w tym cukry 13,6 g), b\u0142onnik 10,5 g, bia\u0142ko 8,9 g, s\u00f3l 0,29 g.<\/p>\n<p>&nbsp;<\/p>\n<p><strong>Nie zawiera:<\/strong>\u00a0glutenu, laktozy, cukru dodanego, orzech\u00f3w, jaj. Wegetaria\u0144ski!<\/p>\n<p>Masa netto: 150g (5szt. ciastek w opakowaniu)<\/p>\n","protected":false},"excerpt":{"rendered":"<p>Ciastka na bazie sezamu z\u00a0\u017curawin\u0105 i miodem naturalnym.\u00a0Produkt zawiera substancje  [&#8230;]<\/p>\n","protected":false},"featured_media":3173,"comment_status":"open","ping_status":"closed","template":"","meta":[],"product_brand":[],"product_cat":[95,116,31],"product_tag":[],"class_list":{"0":"post-3185","1":"product","2":"type-product","3":"status-publish","4":"has-post-thumbnail","6":"product_cat-ciastka","7":"product_cat-wiosna","8":"product_cat-slodkosci","10":"first","11":"instock","12":"shipping-taxable","13":"purchasable","14":"product-type-simple"},"_links":{"self":[{"href":"https:\/\/kawazpianka.pl\/index.php\/wp-json\/wp\/v2\/product\/3185","targetHints":{"allow":["GET"]}}],"collection":[{"href":"https:\/\/kawazpianka.pl\/index.php\/wp-json\/wp\/v2\/product"}],"about":[{"href":"https:\/\/kawazpianka.pl\/index.php\/wp-json\/wp\/v2\/types\/product"}],"replies":[{"embeddable":true,"href":"https:\/\/kawazpianka.pl\/index.php\/wp-json\/wp\/v2\/comments?post=3185"}],"wp:featuredmedia":[{"embeddable":true,"href":"https:\/\/kawazpianka.pl\/index.php\/wp-json\/wp\/v2\/media\/3173"}],"wp:attachment":[{"href":"https:\/\/kawazpianka.pl\/index.php\/wp-json\/wp\/v2\/media?parent=3185"}],"wp:term":[{"taxonomy":"product_brand","embeddable":true,"href":"https:\/\/kawazpianka.pl\/index.php\/wp-json\/wp\/v2\/product_brand?post=3185"},{"taxonomy":"product_cat","embeddable":true,"href":"https:\/\/kawazpianka.pl\/index.php\/wp-json\/wp\/v2\/product_cat?post=3185"},{"taxonomy":"product_tag","embeddable":true,"href":"https:\/\/kawazpianka.pl\/index.php\/wp-json\/wp\/v2\/product_tag?post=3185"}],"curies":[{"name":"wp","href":"https:\/\/api.w.org\/{rel}","templated":true}]}}