{"id":3183,"date":"2026-03-03T10:11:15","date_gmt":"2026-03-03T10:11:15","guid":{"rendered":"https:\/\/kawazpianka.pl\/?post_type=product&#038;p=3183"},"modified":"2026-03-03T10:53:47","modified_gmt":"2026-03-03T10:53:47","slug":"ciastka-migdalowe-ze-skorka-z-cytryny-150g","status":"publish","type":"product","link":"https:\/\/kawazpianka.pl\/index.php\/produkt\/ciastka-migdalowe-ze-skorka-z-cytryny-150g\/","title":{"rendered":"Ciastka Migda\u0142owe ze sk\u00f3rk\u0105 z cytryny 150g"},"content":{"rendered":"<p>Ciastka na bazie m\u0105ki migda\u0142owej z dodatkiem sk\u00f3rki cytryny i cynamonu.\u00a0Produkt zawiera substancj\u0119 s\u0142odz\u0105c\u0105 i naturalnie wyst\u0119puj\u0105ce cukry.<\/p>\n<p>Sk\u0142adniki: m\u0105ka\u00a0<strong>migda\u0142owa<\/strong>\u00a024 %, daktyle, m\u0105ka\u00a0<strong>owsiana<\/strong>\u00a0bezglutenowa, olej kokosowy, m\u0105ka jaglana, erytrytol (substancja s\u0142odz\u0105ca), siemi\u0119 lnu z\u0142ote, pasta <strong>migda\u0142owa<\/strong> 3,3%, sk\u00f3rka z cytryny 1,2 %, lecytyna s\u0142onecznikowa, s\u00f3l k\u0142odawska, cynamon 0,2%, wanilia.<\/p>\n<p>&nbsp;<\/p>\n<p><strong>Warto\u015b\u0107 od\u017cywcza w 100 g produktu:<\/strong><strong><br \/>\n<\/strong>warto\u015b\u0107 energetyczna 2016 kJ\/482 kcal, t\u0142uszcz 31 g (w tym kwasy t\u0142uszczowe nasycone 13 g), w\u0119glowodany 24 g (w tym cukry 15 g), B\u0142onnik 9 g, Bia\u0142ko 10 g, s\u00f3l 0,29 g.<\/p>\n<p>&nbsp;<\/p>\n<p><strong>Nie zawiera:<\/strong>\u00a0glutenu, laktozy. Bez dodatku cukru. Wega\u0144ski!<\/p>\n<p>Masa netto: 150g (5szt. ciastek w opakowaniu)<\/p>\n","protected":false},"excerpt":{"rendered":"<p>Ciastka na bazie m\u0105ki migda\u0142owej z dodatkiem sk\u00f3rki cytryny i  [&#8230;]<\/p>\n","protected":false},"featured_media":3171,"comment_status":"open","ping_status":"closed","template":"","meta":[],"product_brand":[],"product_cat":[95,116,31],"product_tag":[],"class_list":{"0":"post-3183","1":"product","2":"type-product","3":"status-publish","4":"has-post-thumbnail","6":"product_cat-ciastka","7":"product_cat-wiosna","8":"product_cat-slodkosci","10":"first","11":"instock","12":"shipping-taxable","13":"purchasable","14":"product-type-simple"},"_links":{"self":[{"href":"https:\/\/kawazpianka.pl\/index.php\/wp-json\/wp\/v2\/product\/3183","targetHints":{"allow":["GET"]}}],"collection":[{"href":"https:\/\/kawazpianka.pl\/index.php\/wp-json\/wp\/v2\/product"}],"about":[{"href":"https:\/\/kawazpianka.pl\/index.php\/wp-json\/wp\/v2\/types\/product"}],"replies":[{"embeddable":true,"href":"https:\/\/kawazpianka.pl\/index.php\/wp-json\/wp\/v2\/comments?post=3183"}],"wp:featuredmedia":[{"embeddable":true,"href":"https:\/\/kawazpianka.pl\/index.php\/wp-json\/wp\/v2\/media\/3171"}],"wp:attachment":[{"href":"https:\/\/kawazpianka.pl\/index.php\/wp-json\/wp\/v2\/media?parent=3183"}],"wp:term":[{"taxonomy":"product_brand","embeddable":true,"href":"https:\/\/kawazpianka.pl\/index.php\/wp-json\/wp\/v2\/product_brand?post=3183"},{"taxonomy":"product_cat","embeddable":true,"href":"https:\/\/kawazpianka.pl\/index.php\/wp-json\/wp\/v2\/product_cat?post=3183"},{"taxonomy":"product_tag","embeddable":true,"href":"https:\/\/kawazpianka.pl\/index.php\/wp-json\/wp\/v2\/product_tag?post=3183"}],"curies":[{"name":"wp","href":"https:\/\/api.w.org\/{rel}","templated":true}]}}