{"id":3181,"date":"2026-03-03T10:08:10","date_gmt":"2026-03-03T10:08:10","guid":{"rendered":"https:\/\/kawazpianka.pl\/?post_type=product&#038;p=3181"},"modified":"2026-03-03T10:54:20","modified_gmt":"2026-03-03T10:54:20","slug":"baton-warszawski-brownie-keto-50g","status":"publish","type":"product","link":"https:\/\/kawazpianka.pl\/index.php\/produkt\/baton-warszawski-brownie-keto-50g\/","title":{"rendered":"Baton Warszawski Brownie Keto 50g"},"content":{"rendered":"<p>Baton na bazie m\u0105ki migda\u0142owej i bezcukrowej gorzkiej czekolady. Produkt zawiera substancje s\u0142odz\u0105ce i naturalnie wyst\u0119puj\u0105ce cukry.<\/p>\n<p><strong>Sk\u0142adniki<\/strong>: erytrytol (substancja s\u0142odz\u0105ca), siemi\u0119 lnu z\u0142ote, m\u0105ka migda\u0142owa 12,7 %, wi\u00f3rki kokosowe, olej kokosowy, czekolada gorzka bez dodatku cukru 7,2 % (miazga kakaowa, substancje s\u0142odz\u0105ce [erytrytol 29,5 %, glikozydy stewiolowe 0,027 %], t\u0142uszcz kakaowy, inulina, odt\u0142uszczone kakao w proszku, emulgator [lecytyna s\u0142onecznikowa], aromat waniliowy. Masa kakao min. 60%), kakao, koncentrat bia\u0142ka ry\u017cowego, inulina, lecytyna s\u0142onecznikowa, s\u0142onecznik, s\u00f3l k\u0142odawska, wanilia.<\/p>\n<p><span data-offset-key=\"a063k-3-0\"><strong>Warto\u015b\u0107 od\u017cywcza w 100 g produktu:<br \/>\n<\/strong>warto\u015b\u0107 energetyczna 1786 kJ\/427 kcal, t\u0142uszcz 34,5 g (w tym kwasy t\u0142uszczowe nasycone 15,6 g), w\u0119glowodany 5,95 g (w tym cukry 1,7 g),\u00a0 b\u0142onnik 17,2 g, bia\u0142ko 13,5 g, s\u00f3l 0,4 g.<\/span><\/p>\n<p><strong><span data-offset-key=\"a063k-3-0\">Tylko 2,98 g w\u0119glowodan\u00f3w netto w jednym batonie!<\/span><\/strong><\/p>\n<p>&nbsp;<\/p>\n<p>Nie zawiera\u00a0glutenu. Bez dodatku cukru. Wega\u0144ski.<\/p>\n<p>Masa netto: 50 g<\/p>\n","protected":false},"excerpt":{"rendered":"<p>Baton na bazie m\u0105ki migda\u0142owej i bezcukrowej gorzkiej czekolady. Produkt  [&#8230;]<\/p>\n","protected":false},"featured_media":3203,"comment_status":"open","ping_status":"closed","template":"","meta":[],"product_brand":[],"product_cat":[104,97,32,116,31],"product_tag":[],"class_list":{"0":"post-3181","1":"product","2":"type-product","3":"status-publish","4":"has-post-thumbnail","6":"product_cat-i-cos-jeszcze","7":"product_cat-inne","8":"product_cat-masz-juz-wszystko","9":"product_cat-wiosna","10":"product_cat-slodkosci","12":"first","13":"instock","14":"shipping-taxable","15":"purchasable","16":"product-type-simple"},"_links":{"self":[{"href":"https:\/\/kawazpianka.pl\/index.php\/wp-json\/wp\/v2\/product\/3181","targetHints":{"allow":["GET"]}}],"collection":[{"href":"https:\/\/kawazpianka.pl\/index.php\/wp-json\/wp\/v2\/product"}],"about":[{"href":"https:\/\/kawazpianka.pl\/index.php\/wp-json\/wp\/v2\/types\/product"}],"replies":[{"embeddable":true,"href":"https:\/\/kawazpianka.pl\/index.php\/wp-json\/wp\/v2\/comments?post=3181"}],"wp:featuredmedia":[{"embeddable":true,"href":"https:\/\/kawazpianka.pl\/index.php\/wp-json\/wp\/v2\/media\/3203"}],"wp:attachment":[{"href":"https:\/\/kawazpianka.pl\/index.php\/wp-json\/wp\/v2\/media?parent=3181"}],"wp:term":[{"taxonomy":"product_brand","embeddable":true,"href":"https:\/\/kawazpianka.pl\/index.php\/wp-json\/wp\/v2\/product_brand?post=3181"},{"taxonomy":"product_cat","embeddable":true,"href":"https:\/\/kawazpianka.pl\/index.php\/wp-json\/wp\/v2\/product_cat?post=3181"},{"taxonomy":"product_tag","embeddable":true,"href":"https:\/\/kawazpianka.pl\/index.php\/wp-json\/wp\/v2\/product_tag?post=3181"}],"curies":[{"name":"wp","href":"https:\/\/api.w.org\/{rel}","templated":true}]}}