{"id":3178,"date":"2026-03-03T10:06:18","date_gmt":"2026-03-03T10:06:18","guid":{"rendered":"https:\/\/kawazpianka.pl\/?post_type=product&#038;p=3178"},"modified":"2026-03-03T10:54:43","modified_gmt":"2026-03-03T10:54:43","slug":"baton-warszawski-blondie-50g","status":"publish","type":"product","link":"https:\/\/kawazpianka.pl\/index.php\/produkt\/baton-warszawski-blondie-50g\/","title":{"rendered":"Baton Warszawski Blondie 50g"},"content":{"rendered":"<p>Baton na bazie bezcukrowej bia\u0142ej czekolady, migda\u0142\u00f3w i daktyli.\u00a0Produkt zawiera substancje s\u0142odz\u0105ce i naturalnie wyst\u0119puj\u0105ce cukry.<\/p>\n<p>Sk\u0142adniki: daktyle 15,2 %, bia\u0142a czekolada bez dodatku cukru 11 % (t\u0142uszcz kakaowy, mleko pe\u0142ne w proszku 25 %, substancja s\u0142odz\u0105ca (erytrytol, glikozydy stewiolowe 0,015 %), odt\u0142uszczone mleko w proszku 10 %, inulina, emulgator (lecytyna s\u0142onecznikowa), naturalny aromat waniliowy.), m\u0105ka jaglana, wi\u00f3rki kokosowe, m\u0105ka owsiana bezglutenowa, migda\u0142y 10 %, siemi\u0119 lnu z\u0142ote, ksylitol (substancja s\u0142odz\u0105ca), olej kokosowy, s\u00f3l, wanilia.<\/p>\n<p><strong>Bez glutenu, bez dodatku cukru. Wegetaria\u0144ski.<\/strong><\/p>\n<p><span data-offset-key=\"a063k-3-0\"><strong>Warto\u015b\u0107 od\u017cywcza w 100 g produktu:<br \/>\n<\/strong>warto\u015b\u0107 energetyczna 1991 kJ\/476 kcal, t\u0142uszcz 31,2 g (w tym kwasy t\u0142uszczowe nasycone 16,8 g), w\u0119glowodany 37,3 g (w tym cukry 13,6 g), b\u0142onnik 11,2 g, bia\u0142ko 9,7 g, s\u00f3l 0,4 g.<\/span><\/p>\n<p>&nbsp;<\/p>\n<p><strong>Nie zawiera<\/strong>\u00a0<strong>glutenu<\/strong>. Bez dodatku cukru. Wegetaria\u0144ski!<\/p>\n<p>Masa netto: 50 g<\/p>\n","protected":false},"excerpt":{"rendered":"<p>Baton na bazie bezcukrowej bia\u0142ej czekolady, migda\u0142\u00f3w i daktyli.\u00a0Produkt zawiera  [&#8230;]<\/p>\n","protected":false},"featured_media":3194,"comment_status":"open","ping_status":"closed","template":"","meta":[],"product_brand":[],"product_cat":[104,97,32,116,31],"product_tag":[],"class_list":{"0":"post-3178","1":"product","2":"type-product","3":"status-publish","4":"has-post-thumbnail","6":"product_cat-i-cos-jeszcze","7":"product_cat-inne","8":"product_cat-masz-juz-wszystko","9":"product_cat-wiosna","10":"product_cat-slodkosci","12":"first","13":"instock","14":"shipping-taxable","15":"purchasable","16":"product-type-simple"},"_links":{"self":[{"href":"https:\/\/kawazpianka.pl\/index.php\/wp-json\/wp\/v2\/product\/3178","targetHints":{"allow":["GET"]}}],"collection":[{"href":"https:\/\/kawazpianka.pl\/index.php\/wp-json\/wp\/v2\/product"}],"about":[{"href":"https:\/\/kawazpianka.pl\/index.php\/wp-json\/wp\/v2\/types\/product"}],"replies":[{"embeddable":true,"href":"https:\/\/kawazpianka.pl\/index.php\/wp-json\/wp\/v2\/comments?post=3178"}],"wp:featuredmedia":[{"embeddable":true,"href":"https:\/\/kawazpianka.pl\/index.php\/wp-json\/wp\/v2\/media\/3194"}],"wp:attachment":[{"href":"https:\/\/kawazpianka.pl\/index.php\/wp-json\/wp\/v2\/media?parent=3178"}],"wp:term":[{"taxonomy":"product_brand","embeddable":true,"href":"https:\/\/kawazpianka.pl\/index.php\/wp-json\/wp\/v2\/product_brand?post=3178"},{"taxonomy":"product_cat","embeddable":true,"href":"https:\/\/kawazpianka.pl\/index.php\/wp-json\/wp\/v2\/product_cat?post=3178"},{"taxonomy":"product_tag","embeddable":true,"href":"https:\/\/kawazpianka.pl\/index.php\/wp-json\/wp\/v2\/product_tag?post=3178"}],"curies":[{"name":"wp","href":"https:\/\/api.w.org\/{rel}","templated":true}]}}