{"id":3159,"date":"2026-03-03T09:25:31","date_gmt":"2026-03-03T09:25:31","guid":{"rendered":"https:\/\/kawazpianka.pl\/?post_type=product&#038;p=3159"},"modified":"2026-03-30T07:07:49","modified_gmt":"2026-03-30T07:07:49","slug":"krem-lotus-biscoff-creamy-400g","status":"publish","type":"product","link":"https:\/\/kawazpianka.pl\/index.php\/produkt\/krem-lotus-biscoff-creamy-400g\/","title":{"rendered":"Krem Lotus Biscoff creamy 400g"},"content":{"rendered":"<div class=\"mpof_ki myre_zn myre_8v_l m389_6m_l\">\n<div class=\"mp4t_16_s mryx_16_s mr3m_1 mli2_1 mh85_56 mh85_0_l\">\n<div class=\"mg9e_8 mj7a_8 mg9e_0_s mvrt_0_s mj7a_0_s mh36_0_s mzmg_6m munh_16_l m3h2_16_l\">\n<div class=\"mp4t_0 mryx_0 munh_56 m3h2_56\">\n<div class=\"mp7g_oh\"><img decoding=\"async\" class=\"msub_k4 mupj_5k mjru_k4\" src=\"https:\/\/a.allegroimg.com\/original\/11fbdb\/2575d0a54b958897e577a623c43d\" sizes=\"(min-width: 1200px) 560px, (min-width: 992px) 50vw, 100vw\" srcset=\"https:\/\/a.allegroimg.com\/original\/11fbdb\/2575d0a54b958897e577a623c43d 640w\" alt=\"\" width=\"640px\" data-srcset=\"\" \/><\/div>\n<\/div>\n<\/div>\n<\/div>\n<div class=\"mp4t_16_s mryx_16_s mr3m_1 mli2_1 mh85_56 mh85_0_l\">\n<div class=\"mgn2_16 _0d3bd_am0a-\">\n<p><b>Krem do smarowania Lotus Biscoff Creamy 400g<\/b><\/p>\n<p><b>JAK TO MO\u017bLIWE, \u017bE TAK MA\u0141E CIASTKO SMAKUJE TAK WY\u015aMIENICIE?\u00a0<\/b><\/p>\n<p>Historia Lotus Biscoff zaczyna si\u0119 w 1932 roku, kiedy belgijski cukiernik Jan Boone Sr. dopracowa\u0142 oryginalny przepis do perfekcji. Od tamtej pory to ma\u0142e, pe\u0142ne smaku ciasteczko zdobywa serca ludzi na ca\u0142ym \u015bwiecie, urzekaj\u0105c niepowtarzalnym smakiem i aromatem.<\/p>\n<\/div>\n<\/div>\n<\/div>\n<div class=\"mpof_ki myre_zn myre_8v_l m389_6m_l\">\n<div class=\"mp4t_16_s mryx_16_s mr3m_1 mli2_1 mh85_56 mh85_0_l\">\n<div class=\"mgn2_16 _0d3bd_am0a-\">\n<p><b>POSMARUJ! ZANURZ! WYMIESZAJ! WYJEDZ \u0141Y\u017bECZK\u0104!<\/b><\/p>\n<p>Krem Biscoff mo\u017cna je\u015b\u0107 na wiele sposob\u00f3w: na kromce chleba, na to\u015bcie, na nale\u015bnikach, jako dip do plasterk\u00f3w jab\u0142ka lub innych owoc\u00f3w, w kanapce, w domowych wypiekach albo prosto ze s\u0142oika.<\/p>\n<\/div>\n<\/div>\n<div class=\"mp4t_16_s mryx_16_s mr3m_1 mli2_1 mh85_56 mh85_0_l\">\n<div class=\"mg9e_8 mj7a_8 mg9e_0_s mvrt_0_s mj7a_0_s mh36_0_s mzmg_6m munh_16_l m3h2_16_l\">\n<div class=\"mp4t_0 mryx_0 munh_56 m3h2_56\">\n<div class=\"mp7g_oh\"><img decoding=\"async\" class=\"msub_k4 mupj_5k mjru_k4\" src=\"https:\/\/a.allegroimg.com\/original\/11e0ff\/2518bec74c6f955c820fb7ab7439\" sizes=\"(min-width: 1200px) 560px, (min-width: 992px) 50vw, 100vw\" srcset=\"https:\/\/a.allegroimg.com\/original\/11e0ff\/2518bec74c6f955c820fb7ab7439 640w\" alt=\"\" width=\"640px\" data-srcset=\"\" \/><\/div>\n<\/div>\n<\/div>\n<\/div>\n<\/div>\n<div class=\"mpof_ki myre_zn myre_8v_l m389_6m_l\">\n<div class=\"mp4t_16_s mryx_16_s mr3m_1 mli2_1 mh85_56 mh85_0_l\">\n<div class=\"mg9e_8 mj7a_8 mg9e_0_s mvrt_0_s mj7a_0_s mh36_0_s mzmg_6m munh_16_l m3h2_16_l\">\n<div class=\"mp4t_0 mryx_0 munh_56 m3h2_56\">\n<div class=\"mp7g_oh\"><img decoding=\"async\" class=\"msub_k4 mupj_5k mjru_k4\" src=\"https:\/\/a.allegroimg.com\/original\/11b20a\/e0f699ad4e2ca968348ac92d4607\" sizes=\"(min-width: 1200px) 560px, (min-width: 992px) 50vw, 100vw\" srcset=\"https:\/\/a.allegroimg.com\/original\/11b20a\/e0f699ad4e2ca968348ac92d4607 640w\" alt=\"\" width=\"640px\" data-srcset=\"\" \/><\/div>\n<\/div>\n<\/div>\n<\/div>\n<div class=\"mp4t_16_s mryx_16_s mr3m_1 mli2_1 mh85_56 mh85_0_l\">\n<div class=\"mgn2_16 _0d3bd_am0a-\">\n<p><b>JAK POWSTAJE NASZ KREM<\/b><\/p>\n<p>Ciesz si\u0119 wspania\u0142ym smakiem s\u0142ynnych ciastek Lotus Biscoff w s\u0142oiczku. Aby przekszta\u0142ci\u0107 je w ten niepowtarzalny krem do smarowania, po upieczeniu drobno je rozdrabniamy. W ten spos\u00f3b zachowujemy wszystkie zalety ich wyj\u0105tkowego smaku.<\/p>\n<\/div>\n<\/div>\n<\/div>\n<div class=\"mpof_ki myre_zn myre_8v_l m389_6m_l\">\n<div class=\"mp4t_16_s mryx_16_s mr3m_1 mli2_1 mh85_56 mh85_0_l\">\n<div class=\"mgn2_16 _0d3bd_am0a-\">\n<p><b>SK\u0141ADNIKI <\/b><\/p>\n<p>Herbatniki karmelizowane 65% (m\u0105ka pszenna, cukier, oleje ro\u015blinne (palmowy*, rzepakowy), syrop cukru kandyzowanego, substancja spulchniaj\u0105ca (wodorow\u0119glan sodu), m\u0105ka sojowa, s\u00f3l, cynamon), olej rzepakowy, cukier, emulgator (lecytyny [soja]), regulator kwasowo\u015bci (kwas cytrynowy).<\/p>\n<p>*Certyfikowany olej palmowy ze zr\u00f3wnowa\u017conych upraw.<\/p>\n<p><b>ALERGENY <\/b><\/p>\n<p>Zawiera pszenic\u0119 i soj\u0119.<\/p>\n<\/div>\n<\/div>\n<div class=\"mp4t_16_s mryx_16_s mr3m_1 mli2_1 mh85_56 mh85_0_l\">\n<div class=\"mg9e_8 mj7a_8 mg9e_0_s mvrt_0_s mj7a_0_s mh36_0_s mzmg_6m munh_16_l m3h2_16_l\">\n<div class=\"mp4t_0 mryx_0 munh_56 m3h2_56\">\n<div class=\"mp7g_oh\"><img decoding=\"async\" class=\"msub_k4 mupj_5k mjru_k4\" src=\"https:\/\/a.allegroimg.com\/original\/11a88b\/416303d845a2ac8df3a82e61a67a\" sizes=\"(min-width: 1200px) 560px, (min-width: 992px) 50vw, 100vw\" srcset=\"https:\/\/a.allegroimg.com\/original\/11a88b\/416303d845a2ac8df3a82e61a67a 640w\" alt=\"\" width=\"640px\" data-srcset=\"\" \/><\/div>\n<\/div>\n<\/div>\n<\/div>\n<\/div>\n<div class=\"mpof_ki myre_zn myre_8v_l m389_6m_l\">\n<div class=\"mp4t_16_s mryx_16_s mr3m_1 mli2_1 mh85_56 mh85_0_l\">\n<div class=\"mg9e_8 mj7a_8 mg9e_0_s mvrt_0_s mj7a_0_s mh36_0_s mzmg_6m munh_16_l m3h2_16_l\">\n<div class=\"mp4t_0 mryx_0 munh_56 m3h2_56\">\n<div class=\"mp7g_oh\"><img decoding=\"async\" class=\"msub_k4 mupj_5k mjru_k4\" src=\"https:\/\/a.allegroimg.com\/original\/114add\/51b4c5414943921bdd7a4bbf855c\" sizes=\"100vw\" srcset=\"https:\/\/a.allegroimg.com\/original\/114add\/51b4c5414943921bdd7a4bbf855c 1250w\" alt=\"\" width=\"1250px\" data-srcset=\"\" \/><\/div>\n<\/div>\n<\/div>\n<\/div>\n<\/div>\n<div class=\"mpof_ki myre_zn myre_8v_l m389_6m_l\">\n<div class=\"mp4t_16_s mryx_16_s mr3m_1 mli2_1 mh85_56 mh85_0_l\">\n<div class=\"mgn2_16 _0d3bd_am0a-\">\n<p><b>MRO\u017bONA LATTE BISCOFF\u00ae<\/b><\/p>\n<p>Orze\u017awiaj\u0105cy nap\u00f3j, kt\u00f3ry \u0142\u0105czy w sobie niesamowite smaki kawy i Biscoff<\/p>\n<p><b>SK\u0141ADNIKI (1 PORCJA)<\/b><\/p>\n<ul>\n<li>65 g kremu do smarowania Biscoff<\/li>\n<li>30 ml espresso<\/li>\n<li>Kostki lodu<\/li>\n<li>240 ml mleka<b><\/b><\/li>\n<\/ul>\n<p><b>PRZYGOTUJ W 5 KROKACH<\/b><\/p>\n<p>1. Przygotuj mleko Biscoff, dodaj\u0105c podgrzany krem do smarowania Biscoff i mleko do rondla na \u015brednim ogniu. Mieszaj do momentu rozpuszczenia kremu.<\/p>\n<p>2. Przygotuj \u015bwie\u017ce espresso.<\/p>\n<p>3. Dodaj l\u00f3d do szklanki i wlej do niej espresso.<\/p>\n<p>4. Na koniec dolej mleko Biscoff.<\/p>\n<p>5. Dodaj s\u0142omk\u0119 i ciasteczko Biscoff i delektuj si\u0119 pysznym smakiem!<\/p>\n<\/div>\n<\/div>\n<\/div>\n<div class=\"mpof_ki myre_zn myre_8v_l m389_6m_l\">\n<div class=\"mp4t_16_s mryx_16_s mr3m_1 mli2_1 mh85_56 mh85_0_l\">\n<div class=\"mgn2_16 _0d3bd_am0a-\">\n<p><b>Warto\u015b\u0107 od\u017cywcza w 100 g<\/b><\/p>\n<p>Warto\u015b\u0107 energetyczna 2383 kJ\/571 kcal<\/p>\n<p>T\u0142uszcz 35,7 g<\/p>\n<p>w tym kwasy t\u0142uszczowe nasycone 7,9g<\/p>\n<p>W\u0119glowodany 58,8g<\/p>\n<p>w tym cukry 36,2g<\/p>\n<p>B\u0142onnik 0,9g<\/p>\n<p>Bia\u0142ko 3,2g<\/p>\n<p>S\u00f3l 0,60g<\/p>\n<\/div>\n<\/div>\n<\/div>\n<div class=\"mpof_ki myre_zn myre_8v_l m389_6m_l\">\n<div class=\"mp4t_16_s mryx_16_s mr3m_1 mli2_1 mh85_56 mh85_0_l\">\n<div class=\"mgn2_16 _0d3bd_am0a-\">\n<p><b>POZNAJ INNE ODS\u0141ONY SMAKU BISCOFF<\/b><\/p>\n<\/div>\n<\/div>\n<\/div>\n<div class=\"mpof_ki myre_zn myre_8v_l m389_6m_l\">\n<div class=\"mp4t_16_s mryx_16_s mr3m_1 mli2_1 mh85_56 mh85_0_l\">\n<div class=\"mg9e_8 mj7a_8 mg9e_0_s mvrt_0_s mj7a_0_s mh36_0_s mzmg_6m munh_16_l m3h2_16_l\">\n<div class=\"mp4t_0 mryx_0 munh_56 m3h2_56\">\n<div class=\"mp7g_oh\"><img decoding=\"async\" class=\"msub_k4 mupj_5k mjru_k4\" src=\"https:\/\/a.allegroimg.com\/original\/116e1c\/7363778a4884a23f34f124154804\" sizes=\"100vw\" srcset=\"https:\/\/a.allegroimg.com\/original\/116e1c\/7363778a4884a23f34f124154804 1250w\" alt=\"\" width=\"1250px\" data-srcset=\"\" \/><\/div>\n<\/div>\n<\/div>\n<\/div>\n<\/div>\n<div class=\"mpof_ki myre_zn myre_8v_l m389_6m_l\">\n<div class=\"mp4t_16_s mryx_16_s mr3m_1 mli2_1 mh85_56 mh85_0_l\">\n<div class=\"mg9e_8 mj7a_8 mg9e_0_s mvrt_0_s mj7a_0_s mh36_0_s mzmg_6m munh_16_l m3h2_16_l\">\n<div class=\"mp4t_0 mryx_0 munh_56 m3h2_56\">\n<div class=\"mp7g_oh\"><img decoding=\"async\" class=\"msub_k4 mupj_5k mjru_k4\" src=\"https:\/\/a.allegroimg.com\/original\/115108\/3711b5e84bf589882ef80b34ed86\" sizes=\"100vw\" srcset=\"https:\/\/a.allegroimg.com\/original\/115108\/3711b5e84bf589882ef80b34ed86 1250w\" alt=\"\" width=\"1250px\" data-srcset=\"\" \/><\/div>\n<\/div>\n<\/div>\n<\/div>\n<\/div>\n","protected":false},"excerpt":{"rendered":"<p>Krem do smarowania Lotus Biscoff Creamy 400g JAK TO MO\u017bLIWE,  [&#8230;]<\/p>\n","protected":false},"featured_media":3208,"comment_status":"open","ping_status":"closed","template":"","meta":[],"product_brand":[],"product_cat":[104,97,32,116,31],"product_tag":[],"class_list":{"0":"post-3159","1":"product","2":"type-product","3":"status-publish","4":"has-post-thumbnail","6":"product_cat-i-cos-jeszcze","7":"product_cat-inne","8":"product_cat-masz-juz-wszystko","9":"product_cat-wiosna","10":"product_cat-slodkosci","12":"first","13":"instock","14":"shipping-taxable","15":"purchasable","16":"product-type-simple"},"_links":{"self":[{"href":"https:\/\/kawazpianka.pl\/index.php\/wp-json\/wp\/v2\/product\/3159","targetHints":{"allow":["GET"]}}],"collection":[{"href":"https:\/\/kawazpianka.pl\/index.php\/wp-json\/wp\/v2\/product"}],"about":[{"href":"https:\/\/kawazpianka.pl\/index.php\/wp-json\/wp\/v2\/types\/product"}],"replies":[{"embeddable":true,"href":"https:\/\/kawazpianka.pl\/index.php\/wp-json\/wp\/v2\/comments?post=3159"}],"wp:featuredmedia":[{"embeddable":true,"href":"https:\/\/kawazpianka.pl\/index.php\/wp-json\/wp\/v2\/media\/3208"}],"wp:attachment":[{"href":"https:\/\/kawazpianka.pl\/index.php\/wp-json\/wp\/v2\/media?parent=3159"}],"wp:term":[{"taxonomy":"product_brand","embeddable":true,"href":"https:\/\/kawazpianka.pl\/index.php\/wp-json\/wp\/v2\/product_brand?post=3159"},{"taxonomy":"product_cat","embeddable":true,"href":"https:\/\/kawazpianka.pl\/index.php\/wp-json\/wp\/v2\/product_cat?post=3159"},{"taxonomy":"product_tag","embeddable":true,"href":"https:\/\/kawazpianka.pl\/index.php\/wp-json\/wp\/v2\/product_tag?post=3159"}],"curies":[{"name":"wp","href":"https:\/\/api.w.org\/{rel}","templated":true}]}}