{"id":3045,"date":"2026-02-05T12:55:26","date_gmt":"2026-02-05T12:55:26","guid":{"rendered":"https:\/\/kawazpianka.pl\/?post_type=product&#038;p=3045"},"modified":"2026-02-20T11:02:59","modified_gmt":"2026-02-20T11:02:59","slug":"swieca-sojowa-herbata-z-cytryna","status":"publish","type":"product","link":"https:\/\/kawazpianka.pl\/index.php\/produkt\/swieca-sojowa-herbata-z-cytryna\/","title":{"rendered":"\u015awieca sojowa Herbata z cytryn\u0105"},"content":{"rendered":"<div id=\"box_description\" class=\"box tab\">\n<div class=\"innerbox\">\n<div class=\"resetcss\">\n<p>\u015aWIECA SOJOWA BASIC 300 ML<\/p>\n<p>&nbsp;<\/p>\n<p data-start=\"104\" data-end=\"564\"><strong>Herbata z cytryn\u0105<\/strong> to zapach pe\u0142en ciep\u0142a,w kt\u00f3rym lekko\u015b\u0107 bia\u0142ej herbaty spotyka si\u0119 z orze\u017awiaj\u0105c\u0105 cytryn\u0105, a ca\u0142o\u015b\u0107 otula subtelna nuta miodu. Kompozycja jest jednocze\u015bnie \u015bwie\u017ca i koj\u0105ca, przywo\u0142uj\u0105ca wspomnienie zimowych wieczor\u00f3w sp\u0119dzonych przy kubku ulubionej herbaty. Wykonana z naturalnego wosku sojowego, \u015bwieca pali si\u0119 czysto i r\u00f3wnomiernie, nape\u0142niaj\u0105c wn\u0119trze przyjemnym aromatem sprzyjaj\u0105cym relaksowi i chwilom dla siebie.<\/p>\n<p data-start=\"89\" data-end=\"508\">__________________<\/p>\n<p><strong>W tej \u015bwiecy\u00a0mo\u017cesz wyczu\u0107\u00a0nast\u0119puj\u0105ce nuty:<\/strong><\/p>\n<p><em>bia\u0142a herbata | cytryna | mi\u00f3d<\/em><\/p>\n<p><strong>Z\u0142ocona,\u00a0elegancka etykieta<\/strong><\/p>\n<p><strong>Du\u017ca pojemno\u015b\u0107:<\/strong>\u00a0a\u017c\u00a0<strong>300 ml (9,7 x 8 cm)<\/strong><\/p>\n<p><strong>Czas palenia:<\/strong>\u00a0oko\u0142o\u00a0<strong>50h<\/strong><\/p>\n<p><strong>Podw\u00f3jny knot<\/strong> bawe\u0142niany jako\u015bci ECO\u00a0&#8211; bez o\u0142owianego rdzenia<\/p>\n<p>&nbsp;<\/p>\n<p><strong><img decoding=\"async\" class=\" lozad\" src=\"https:\/\/meltmetender.pl\/userdata\/public\/assets\/\/CANDLE%20CARE%20WWW.webp\" alt=\"\" width=\"1400\" data-src=\"\/userdata\/public\/assets\/\/CANDLE%20CARE%20WWW.webp\" data-loaded=\"true\" \/><\/strong><\/p>\n<p><strong data-start=\"163\" data-end=\"184\">Pierwsze palenie:<\/strong> pozw\u00f3l, aby wosk roztopi\u0142 si\u0119 r\u00f3wnomiernie do kraw\u0119dzi s\u0142oika \u2013 zapobiegnie to tworzeniu si\u0119 tunelu.<\/p>\n<p><strong data-start=\"290\" data-end=\"307\">Czas palenia:<\/strong> jednorazowo nie pal \u015bwiecy d\u0142u\u017cej ni\u017c 3\u20134 godziny<\/p>\n<p><strong data-start=\"363\" data-end=\"385\">Przycinanie knota:<\/strong> przed ka\u017cdym odpaleniem przytnij knot do ok. 5 mm \u2013 zapewni to czyste i r\u00f3wnomierne spalanie.<\/p>\n<p><strong data-start=\"484\" data-end=\"503\">Bezpiecze\u0144stwo:<\/strong> pal \u015bwiec\u0119 z dala od dzieci, zwierz\u0105t i \u0142atwopalnych przedmiot\u00f3w.<\/p>\n<p><strong data-start=\"574\" data-end=\"595\">Stawianie \u015bwiecy:<\/strong> umieszczaj j\u0105 na stabilnej, odpornej na ciep\u0142o powierzchni.<\/p>\n<p><strong data-start=\"660\" data-end=\"680\">Gaszenie \u015bwiecy:<\/strong> najlepiej u\u017cyj specjalnego gasid\u0142a &#8211; unikaj zdmuchiwania i gaszenia wieczkiem.<\/p>\n<p><strong data-start=\"786\" data-end=\"808\">Pozosta\u0142o\u015b\u0107 wosku:<\/strong> zako\u0144cz u\u017cytkowanie, gdy na dnie pozostanie ok. 5\u201310 mm wosku \u2013 zapobiegnie to przegrzaniu naczynia.<\/p>\n<p><img decoding=\"async\" class=\" lozad\" src=\"https:\/\/meltmetender.pl\/userdata\/public\/assets\/\/CODZIENNE%20RYTUA%C5%81Y%20BRA%CC%A8Z.webp\" alt=\"\" width=\"1400\" data-src=\"\/userdata\/public\/assets\/\/CODZIENNE%20RYTUA%C5%81Y%20BRA%CC%A8Z.webp\" data-loaded=\"true\" \/><\/p>\n<p>Nasze \u015bwiece sojowe to po\u0142\u0105czenie natury, pasji i dba\u0142o\u015bci o ka\u017cdy szczeg\u00f3\u0142. Tworzymy je wy\u0142\u0105cznie z <strong>czystego<\/strong>\u00a0<strong data-start=\"101\" data-end=\"124\">wosku sojowego<\/strong>, bez dodatku parafiny, dzi\u0119ki czemu pal\u0105 si\u0119 czysto i bezpiecznie, wype\u0142niaj\u0105c wn\u0119trze wyj\u0105tkowym zapachem. Ka\u017cda \u015bwieca kryje w sobie <strong data-start=\"260\" data-end=\"310\">intensywne, certyfikowane olejki<\/strong>, kt\u00f3re zosta\u0142y starannie dobrane, aby zamieni\u0107 codzienny moment w ma\u0142y rytua\u0142. U\u017cywamy wy\u0142\u0105cznie <strong data-start=\"416\" data-end=\"462\">bawe\u0142nianych knot\u00f3w bez o\u0142owianego rdzenia<\/strong>, co zapewnia r\u00f3wnomierne spalanie i brak szkodliwych substancji w powietrzu. Wszystkie produkty powstaj\u0105 w naszej <strong data-start=\"577\" data-end=\"612\">lokalnej manufakturze w Toruniu<\/strong>, gdzie ka\u017cdy etap \u2013 od zalania wosku po\u00a0przyklejenie etykiety \u2013 wykonywany jest r\u0119cznie, w niewielkich partiach. Dzi\u0119ki temu unikamy nadprodukcji i dbamy zar\u00f3wno o \u015brodowisko, jak i najwy\u017csz\u0105 jako\u015b\u0107 \u015bwiec. Nasze wyroby s\u0105 w pe\u0142ni <strong data-start=\"841\" data-end=\"857\">cruelty-free<\/strong> \u2013 \u017caden ze sk\u0142adnik\u00f3w nigdy nie by\u0142 testowany na zwierz\u0119tach. W ka\u017cd\u0105 \u015bwiec\u0119 wk\u0142adamy ogrom serca i zaanga\u017cowania, aby mog\u0142a sta\u0107 si\u0119 nie tylko \u017ar\u00f3d\u0142em pi\u0119knego zapachu, ale r\u00f3wnie\u017c elementem codziennej harmonii i domowego ciep\u0142a.<\/p>\n<p><img decoding=\"async\" class=\" lozad\" src=\"https:\/\/meltmetender.pl\/userdata\/public\/assets\/\/ikonki%20www.webp\" alt=\"\" width=\"1400\" data-src=\"\/userdata\/public\/assets\/\/ikonki%20www.webp\" data-loaded=\"true\" \/><\/p>\n<p><strong><img decoding=\"async\" class=\" lozad\" src=\"https:\/\/meltmetender.pl\/userdata\/public\/assets\/\/produkt%20bezpieczny%20baner%20www.webp\" alt=\"\" width=\"1400\" data-src=\"\/userdata\/public\/assets\/\/produkt%20bezpieczny%20baner%20www.webp\" data-loaded=\"true\" \/><\/strong><\/p>\n<p class=\"p1\"><strong>Zawiera:\u00a0<\/strong>Linalol, a-heksylcynamaldehyd, Octan linalilu, 1-(1,2,3,4,5,6,7,8-oktahydro-2,3,8,8-tetrametylo-2-naftylo)etan-1-on, Cytral. Mo\u017ce powodowa\u0107 wyst\u0105pienie reakcji alergicznej.<\/p>\n<p><strong>Informacje dodatkowe:\u00a0<\/strong>Dzia\u0142a szkodliwie na organizmy wodne, powoduj\u0105c d\u0142ugotrwa\u0142e skutki. W razie konieczno\u015bci zasi\u0119gni\u0119cia porady lekarza nale\u017cy pokaza\u0107 pojemnik lub etykiet\u0119. Chroni\u0107 przed dzie\u0107mi. Unika\u0107 uwolnienia do \u015brodowiska. Zawarto\u015b\u0107\/pojemnik usuwa\u0107 do zbiornik\u00f3w do segregacji odpad\u00f3w obecnych w swojej gminie.<\/p>\n<\/div>\n<\/div>\n<\/div>\n<div id=\"box_productsafety\" class=\"box tab\">\n<div class=\"boxhead tab-head\">\n<h3>Bezpiecze\u0144stwo<\/h3>\n<\/div>\n<div class=\"innerbox product-safety\">\n<aside class=\"r--spacing-s\">\n<h4><strong>Certyfikaty i ostrze\u017cenie bezpiecze\u0144stwa<\/strong><\/h4>\n<ul class=\"list\">\n<li class=\"list__content_disc\">Nie zawiera szkodliwych substancji chemicznych zgodnie z dyrektyw\u0105 REACH.<\/li>\n<li class=\"list__content_disc\">Mo\u017ce powodowa\u0107 wyst\u0105pienie reakcji alergicznych.<\/li>\n<li class=\"list__content_disc\">Utylizowa\u0107 zgodnie z lokalnymi przepisami dotycz\u0105cymi odpad\u00f3w.<\/li>\n<\/ul>\n<\/aside>\n<\/div>\n<\/div>\n","protected":false},"excerpt":{"rendered":"<p>\u015aWIECA SOJOWA BASIC 300 ML &nbsp; Herbata z cytryn\u0105 to  [&#8230;]<\/p>\n","protected":false},"featured_media":3048,"comment_status":"open","ping_status":"closed","template":"","meta":[],"product_brand":[],"product_cat":[32,102],"product_tag":[],"class_list":{"0":"post-3045","1":"product","2":"type-product","3":"status-publish","4":"has-post-thumbnail","6":"product_cat-masz-juz-wszystko","7":"product_cat-swiece","9":"first","10":"instock","11":"shipping-taxable","12":"purchasable","13":"product-type-simple"},"_links":{"self":[{"href":"https:\/\/kawazpianka.pl\/index.php\/wp-json\/wp\/v2\/product\/3045","targetHints":{"allow":["GET"]}}],"collection":[{"href":"https:\/\/kawazpianka.pl\/index.php\/wp-json\/wp\/v2\/product"}],"about":[{"href":"https:\/\/kawazpianka.pl\/index.php\/wp-json\/wp\/v2\/types\/product"}],"replies":[{"embeddable":true,"href":"https:\/\/kawazpianka.pl\/index.php\/wp-json\/wp\/v2\/comments?post=3045"}],"wp:featuredmedia":[{"embeddable":true,"href":"https:\/\/kawazpianka.pl\/index.php\/wp-json\/wp\/v2\/media\/3048"}],"wp:attachment":[{"href":"https:\/\/kawazpianka.pl\/index.php\/wp-json\/wp\/v2\/media?parent=3045"}],"wp:term":[{"taxonomy":"product_brand","embeddable":true,"href":"https:\/\/kawazpianka.pl\/index.php\/wp-json\/wp\/v2\/product_brand?post=3045"},{"taxonomy":"product_cat","embeddable":true,"href":"https:\/\/kawazpianka.pl\/index.php\/wp-json\/wp\/v2\/product_cat?post=3045"},{"taxonomy":"product_tag","embeddable":true,"href":"https:\/\/kawazpianka.pl\/index.php\/wp-json\/wp\/v2\/product_tag?post=3045"}],"curies":[{"name":"wp","href":"https:\/\/api.w.org\/{rel}","templated":true}]}}