{"id":3029,"date":"2026-02-05T11:54:26","date_gmt":"2026-02-05T11:54:26","guid":{"rendered":"https:\/\/kawazpianka.pl\/?post_type=product&#038;p=3029"},"modified":"2026-02-24T17:27:36","modified_gmt":"2026-02-24T17:27:36","slug":"box-torebka-walentynkowa","status":"publish","type":"product","link":"https:\/\/kawazpianka.pl\/index.php\/produkt\/box-torebka-walentynkowa\/","title":{"rendered":"Box-torebka walentynkowa -10%"},"content":{"rendered":"<p>W tym upominku znajdziesz<\/p>\n<div class=\"video-shortcode\">\n<blockquote class=\"wp-embedded-content\" data-secret=\"kvznHxTDVf\"><p><a href=\"https:\/\/kawazpianka.pl\/index.php\/produkt\/karme-love-2\/\">Karme-love<\/a><\/p><\/blockquote>\n<p><iframe class=\"wp-embedded-content\" sandbox=\"allow-scripts\" security=\"restricted\" style=\"position: absolute; visibility: hidden;\" title=\"&#8222;Karme-love&#8221; &#8212; Kawa z Piank\u0105\" src=\"https:\/\/kawazpianka.pl\/index.php\/produkt\/karme-love-2\/embed\/#?secret=4tu3cSLjNs#?secret=kvznHxTDVf\" data-secret=\"kvznHxTDVf\" width=\"600\" height=\"338\" frameborder=\"0\" marginwidth=\"0\" marginheight=\"0\" scrolling=\"no\"><\/iframe><\/div>\n<div class=\"video-shortcode\">\n<blockquote class=\"wp-embedded-content\" data-secret=\"e46VMoV45x\"><p><a href=\"https:\/\/kawazpianka.pl\/index.php\/produkt\/czekolada-kocham-stokrotki\/\">Czekolada Kocham-stokrotki<\/a><\/p><\/blockquote>\n<p><iframe class=\"wp-embedded-content\" sandbox=\"allow-scripts\" security=\"restricted\" style=\"position: absolute; visibility: hidden;\" title=\"&#8222;Czekolada Kocham-stokrotki&#8221; &#8212; Kawa z Piank\u0105\" src=\"https:\/\/kawazpianka.pl\/index.php\/produkt\/czekolada-kocham-stokrotki\/embed\/#?secret=A0Iy8FyUdd#?secret=e46VMoV45x\" data-secret=\"e46VMoV45x\" width=\"600\" height=\"338\" frameborder=\"0\" marginwidth=\"0\" marginheight=\"0\" scrolling=\"no\"><\/iframe><\/div>\n<div class=\"video-shortcode\">\n<blockquote class=\"wp-embedded-content\" data-secret=\"aCmLgI0j5Q\"><p><a href=\"https:\/\/kawazpianka.pl\/index.php\/produkt\/herbata-czarna-power-of-love\/\">Herbata czarna Power of Love<\/a><\/p><\/blockquote>\n<p><iframe class=\"wp-embedded-content\" sandbox=\"allow-scripts\" security=\"restricted\" style=\"position: absolute; visibility: hidden;\" title=\"&#8222;Herbata czarna Power of Love&#8221; &#8212; Kawa z Piank\u0105\" src=\"https:\/\/kawazpianka.pl\/index.php\/produkt\/herbata-czarna-power-of-love\/embed\/#?secret=wp4aCykVyr#?secret=aCmLgI0j5Q\" data-secret=\"aCmLgI0j5Q\" width=\"600\" height=\"338\" frameborder=\"0\" marginwidth=\"0\" marginheight=\"0\" scrolling=\"no\"><\/iframe><\/div>\n<p>Upominek zapakowany jest w \u015bliczn\u0105 torebk\u0119 z tekturki falistej z okienkiem, z r\u0105czk\u0105 i przewi\u0105zany jest r\u00f3\u017cow\u0105 kokardk\u0105<\/p>\n","protected":false},"excerpt":{"rendered":"<p>W tym upominku znajdziesz Karme-love Czekolada Kocham-stokrotki Herbata czarna Power  [&#8230;]<\/p>\n","protected":false},"featured_media":3033,"comment_status":"open","ping_status":"closed","template":"","meta":[],"product_brand":[],"product_cat":[114],"product_tag":[],"class_list":{"0":"post-3029","1":"product","2":"type-product","3":"status-publish","4":"has-post-thumbnail","6":"product_cat-strefa-dobrych-cen","8":"first","9":"instock","10":"sale","11":"shipping-taxable","12":"purchasable","13":"product-type-simple"},"_links":{"self":[{"href":"https:\/\/kawazpianka.pl\/index.php\/wp-json\/wp\/v2\/product\/3029","targetHints":{"allow":["GET"]}}],"collection":[{"href":"https:\/\/kawazpianka.pl\/index.php\/wp-json\/wp\/v2\/product"}],"about":[{"href":"https:\/\/kawazpianka.pl\/index.php\/wp-json\/wp\/v2\/types\/product"}],"replies":[{"embeddable":true,"href":"https:\/\/kawazpianka.pl\/index.php\/wp-json\/wp\/v2\/comments?post=3029"}],"wp:featuredmedia":[{"embeddable":true,"href":"https:\/\/kawazpianka.pl\/index.php\/wp-json\/wp\/v2\/media\/3033"}],"wp:attachment":[{"href":"https:\/\/kawazpianka.pl\/index.php\/wp-json\/wp\/v2\/media?parent=3029"}],"wp:term":[{"taxonomy":"product_brand","embeddable":true,"href":"https:\/\/kawazpianka.pl\/index.php\/wp-json\/wp\/v2\/product_brand?post=3029"},{"taxonomy":"product_cat","embeddable":true,"href":"https:\/\/kawazpianka.pl\/index.php\/wp-json\/wp\/v2\/product_cat?post=3029"},{"taxonomy":"product_tag","embeddable":true,"href":"https:\/\/kawazpianka.pl\/index.php\/wp-json\/wp\/v2\/product_tag?post=3029"}],"curies":[{"name":"wp","href":"https:\/\/api.w.org\/{rel}","templated":true}]}}