{"id":3028,"date":"2026-02-05T11:51:17","date_gmt":"2026-02-05T11:51:17","guid":{"rendered":"https:\/\/kawazpianka.pl\/?post_type=product&#038;p=3028"},"modified":"2026-02-24T17:27:43","modified_gmt":"2026-02-24T17:27:43","slug":"box-walentynkowy","status":"publish","type":"product","link":"https:\/\/kawazpianka.pl\/index.php\/produkt\/box-walentynkowy\/","title":{"rendered":"Box Walentynkowy -10%"},"content":{"rendered":"<p>W sk\u0142adzie tego Walentynkowego upominku znajdziesz<\/p>\n<div class=\"video-shortcode\">\n<blockquote class=\"wp-embedded-content\" data-secret=\"IDjle4L6YD\"><p><a href=\"https:\/\/kawazpianka.pl\/index.php\/produkt\/herbata-czarna-sweet-hearts\/\">Herbata czarna Sweet Hearts<\/a><\/p><\/blockquote>\n<p><iframe class=\"wp-embedded-content\" sandbox=\"allow-scripts\" security=\"restricted\" style=\"position: absolute; visibility: hidden;\" title=\"&#8222;Herbata czarna Sweet Hearts&#8221; &#8212; Kawa z Piank\u0105\" src=\"https:\/\/kawazpianka.pl\/index.php\/produkt\/herbata-czarna-sweet-hearts\/embed\/#?secret=R7ViDChi83#?secret=IDjle4L6YD\" data-secret=\"IDjle4L6YD\" width=\"600\" height=\"338\" frameborder=\"0\" marginwidth=\"0\" marginheight=\"0\" scrolling=\"no\"><\/iframe><\/div>\n<div class=\"video-shortcode\">\n<blockquote class=\"wp-embedded-content\" data-secret=\"M8O2XwHRvX\"><p><a href=\"https:\/\/kawazpianka.pl\/index.php\/produkt\/karme-love\/\">Karme-love<\/a><\/p><\/blockquote>\n<p><iframe class=\"wp-embedded-content\" sandbox=\"allow-scripts\" security=\"restricted\" style=\"position: absolute; visibility: hidden;\" title=\"&#8222;Karme-love&#8221; &#8212; Kawa z Piank\u0105\" src=\"https:\/\/kawazpianka.pl\/index.php\/produkt\/karme-love\/embed\/#?secret=a6NOW3QXC2#?secret=M8O2XwHRvX\" data-secret=\"M8O2XwHRvX\" width=\"600\" height=\"338\" frameborder=\"0\" marginwidth=\"0\" marginheight=\"0\" scrolling=\"no\"><\/iframe><\/div>\n<div class=\"video-shortcode\">\n<blockquote class=\"wp-embedded-content\" data-secret=\"Kv6z8uVmaW\"><p><a href=\"https:\/\/kawazpianka.pl\/index.php\/produkt\/serduszko-czekoladowe-z-napisem-50g\/\">serduszko czekoladowe z napisem 50g<\/a><\/p><\/blockquote>\n<p><iframe class=\"wp-embedded-content\" sandbox=\"allow-scripts\" security=\"restricted\" style=\"position: absolute; visibility: hidden;\" title=\"&#8222;serduszko czekoladowe z napisem 50g&#8221; &#8212; Kawa z Piank\u0105\" src=\"https:\/\/kawazpianka.pl\/index.php\/produkt\/serduszko-czekoladowe-z-napisem-50g\/embed\/#?secret=5BSC9FGPzC#?secret=Kv6z8uVmaW\" data-secret=\"Kv6z8uVmaW\" width=\"600\" height=\"338\" frameborder=\"0\" marginwidth=\"0\" marginheight=\"0\" scrolling=\"no\"><\/iframe><\/div>\n<div class=\"video-shortcode\">\n<blockquote class=\"wp-embedded-content\" data-secret=\"KwWf9UK84u\"><p><a href=\"https:\/\/kawazpianka.pl\/index.php\/produkt\/syrop-migdal-czekolada\/\">Syrop Migda\u0142-czekolada<\/a><\/p><\/blockquote>\n<p><iframe class=\"wp-embedded-content\" sandbox=\"allow-scripts\" security=\"restricted\" style=\"position: absolute; visibility: hidden;\" title=\"&#8222;Syrop Migda\u0142-czekolada&#8221; &#8212; Kawa z Piank\u0105\" src=\"https:\/\/kawazpianka.pl\/index.php\/produkt\/syrop-migdal-czekolada\/embed\/#?secret=ciychMlK5U#?secret=KwWf9UK84u\" data-secret=\"KwWf9UK84u\" width=\"600\" height=\"338\" frameborder=\"0\" marginwidth=\"0\" marginheight=\"0\" scrolling=\"no\"><\/iframe><\/div>\n<div class=\"video-shortcode\">\n<blockquote class=\"wp-embedded-content\" data-secret=\"iojKd79MKD\"><p><a href=\"https:\/\/kawazpianka.pl\/index.php\/produkt\/zurawina-w-czekoladzie-100g\/\">\u017burawina w czekoladzie 100g<\/a><\/p><\/blockquote>\n<p><iframe class=\"wp-embedded-content\" sandbox=\"allow-scripts\" security=\"restricted\" style=\"position: absolute; visibility: hidden;\" title=\"&#8222;\u017burawina w czekoladzie 100g&#8221; &#8212; Kawa z Piank\u0105\" src=\"https:\/\/kawazpianka.pl\/index.php\/produkt\/zurawina-w-czekoladzie-100g\/embed\/#?secret=hbdFajgEcp#?secret=iojKd79MKD\" data-secret=\"iojKd79MKD\" width=\"600\" height=\"338\" frameborder=\"0\" marginwidth=\"0\" marginheight=\"0\" scrolling=\"no\"><\/iframe><\/div>\n<div class=\"video-shortcode\">\n<blockquote class=\"wp-embedded-content\" data-secret=\"pc3wAawukm\"><p><a href=\"https:\/\/kawazpianka.pl\/index.php\/produkt\/miod-wielokwiatowy-2\/\">Mi\u00f3d wielokwiatowy 220g<\/a><\/p><\/blockquote>\n<p><iframe class=\"wp-embedded-content\" sandbox=\"allow-scripts\" security=\"restricted\" style=\"position: absolute; visibility: hidden;\" title=\"&#8222;Mi\u00f3d wielokwiatowy 220g&#8221; &#8212; Kawa z Piank\u0105\" src=\"https:\/\/kawazpianka.pl\/index.php\/produkt\/miod-wielokwiatowy-2\/embed\/#?secret=WwHwhrXArk#?secret=pc3wAawukm\" data-secret=\"pc3wAawukm\" width=\"600\" height=\"338\" frameborder=\"0\" marginwidth=\"0\" marginheight=\"0\" scrolling=\"no\"><\/iframe><\/div>\n<p>Upominek zapakowany w \u015bliczne pude\u0142ko z tekturki falistej z okienkiem i wst\u0105\u017c\u0105k\u0105<\/p>\n","protected":false},"excerpt":{"rendered":"<p>W sk\u0142adzie tego Walentynkowego upominku znajdziesz Herbata czarna Sweet Hearts  [&#8230;]<\/p>\n","protected":false},"featured_media":3032,"comment_status":"open","ping_status":"closed","template":"","meta":[],"product_brand":[],"product_cat":[114],"product_tag":[],"class_list":{"0":"post-3028","1":"product","2":"type-product","3":"status-publish","4":"has-post-thumbnail","6":"product_cat-strefa-dobrych-cen","8":"first","9":"instock","10":"sale","11":"shipping-taxable","12":"purchasable","13":"product-type-simple"},"_links":{"self":[{"href":"https:\/\/kawazpianka.pl\/index.php\/wp-json\/wp\/v2\/product\/3028","targetHints":{"allow":["GET"]}}],"collection":[{"href":"https:\/\/kawazpianka.pl\/index.php\/wp-json\/wp\/v2\/product"}],"about":[{"href":"https:\/\/kawazpianka.pl\/index.php\/wp-json\/wp\/v2\/types\/product"}],"replies":[{"embeddable":true,"href":"https:\/\/kawazpianka.pl\/index.php\/wp-json\/wp\/v2\/comments?post=3028"}],"wp:featuredmedia":[{"embeddable":true,"href":"https:\/\/kawazpianka.pl\/index.php\/wp-json\/wp\/v2\/media\/3032"}],"wp:attachment":[{"href":"https:\/\/kawazpianka.pl\/index.php\/wp-json\/wp\/v2\/media?parent=3028"}],"wp:term":[{"taxonomy":"product_brand","embeddable":true,"href":"https:\/\/kawazpianka.pl\/index.php\/wp-json\/wp\/v2\/product_brand?post=3028"},{"taxonomy":"product_cat","embeddable":true,"href":"https:\/\/kawazpianka.pl\/index.php\/wp-json\/wp\/v2\/product_cat?post=3028"},{"taxonomy":"product_tag","embeddable":true,"href":"https:\/\/kawazpianka.pl\/index.php\/wp-json\/wp\/v2\/product_tag?post=3028"}],"curies":[{"name":"wp","href":"https:\/\/api.w.org\/{rel}","templated":true}]}}