{"id":2985,"date":"2026-02-04T09:42:39","date_gmt":"2026-02-04T09:42:39","guid":{"rendered":"https:\/\/kawazpianka.pl\/?post_type=product&#038;p=2985"},"modified":"2026-02-24T17:27:51","modified_gmt":"2026-02-24T17:27:51","slug":"herbata-zielona-power-of-love","status":"publish","type":"product","link":"https:\/\/kawazpianka.pl\/index.php\/produkt\/herbata-zielona-power-of-love\/","title":{"rendered":"Herbata zielona Power of Love -10%"},"content":{"rendered":"<h3>Herbata zielona Power of Love<\/h3>\n<p>Czerwone cukrowe serduszka, p\u0142atki r\u00f3\u017cy, liofilizowana wi\u015bnie i malina przeniesie Ci\u0119 w \u015bwiat herbacianej b\u0142ogo\u015bci- to Boska kompozycja smaku i aromatu- Idealna na upominek dla kochanej osoby, jak i dla kole\u017canki czy rodziny.<\/p>\n<p>&nbsp;<\/p>\n<p><strong>Sk\u0142adniki:<\/strong> herbata zielona li\u015bciasta Sencha, cukrowe serduszka, aromat, wi\u015bnia liofilizowana, malina liofilizowana, p\u0142atki r\u00f3\u017cy, truskawka liofilizowana.<\/p>\n<p><strong>Kraj pochodzenia:<\/strong> Chiny<\/p>\n<p><strong>Spos\u00f3b przechowywania: <\/strong>przechowywa\u0107 w suchym miejscu i temperaturze poni\u017cej 25\u00b0C, w szczelnie zamkni\u0119tym opakowaniu.<\/p>\n<p>100g<\/p>\n<p><strong>Spos\u00f3b przygotowania:<\/strong><\/p>\n<p>Ilo\u015b\u0107 herbaty: 1 \u0142y\u017ceczka na fili\u017cank\u0119<\/p>\n<p>Temperatura wody: ok. 85\u00b0C<\/p>\n<p>Czas parzenia: 3-5 min.<\/p>\n","protected":false},"excerpt":{"rendered":"<p>Herbata zielona Power of Love Czerwone cukrowe serduszka, p\u0142atki r\u00f3\u017cy,  [&#8230;]<\/p>\n","protected":false},"featured_media":3011,"comment_status":"open","ping_status":"closed","template":"","meta":[],"product_brand":[],"product_cat":[27,114,40],"product_tag":[],"class_list":{"0":"post-2985","1":"product","2":"type-product","3":"status-publish","4":"has-post-thumbnail","6":"product_cat-5herbata","7":"product_cat-strefa-dobrych-cen","8":"product_cat-2herbata-zielona","10":"first","11":"instock","12":"sale","13":"shipping-taxable","14":"purchasable","15":"product-type-simple"},"_links":{"self":[{"href":"https:\/\/kawazpianka.pl\/index.php\/wp-json\/wp\/v2\/product\/2985","targetHints":{"allow":["GET"]}}],"collection":[{"href":"https:\/\/kawazpianka.pl\/index.php\/wp-json\/wp\/v2\/product"}],"about":[{"href":"https:\/\/kawazpianka.pl\/index.php\/wp-json\/wp\/v2\/types\/product"}],"replies":[{"embeddable":true,"href":"https:\/\/kawazpianka.pl\/index.php\/wp-json\/wp\/v2\/comments?post=2985"}],"wp:featuredmedia":[{"embeddable":true,"href":"https:\/\/kawazpianka.pl\/index.php\/wp-json\/wp\/v2\/media\/3011"}],"wp:attachment":[{"href":"https:\/\/kawazpianka.pl\/index.php\/wp-json\/wp\/v2\/media?parent=2985"}],"wp:term":[{"taxonomy":"product_brand","embeddable":true,"href":"https:\/\/kawazpianka.pl\/index.php\/wp-json\/wp\/v2\/product_brand?post=2985"},{"taxonomy":"product_cat","embeddable":true,"href":"https:\/\/kawazpianka.pl\/index.php\/wp-json\/wp\/v2\/product_cat?post=2985"},{"taxonomy":"product_tag","embeddable":true,"href":"https:\/\/kawazpianka.pl\/index.php\/wp-json\/wp\/v2\/product_tag?post=2985"}],"curies":[{"name":"wp","href":"https:\/\/api.w.org\/{rel}","templated":true}]}}