{"id":2983,"date":"2026-02-04T09:32:24","date_gmt":"2026-02-04T09:32:24","guid":{"rendered":"https:\/\/kawazpianka.pl\/?post_type=product&#038;p=2983"},"modified":"2026-02-24T17:28:32","modified_gmt":"2026-02-24T17:28:32","slug":"herbata-zielona-sweet-hearts","status":"publish","type":"product","link":"https:\/\/kawazpianka.pl\/index.php\/produkt\/herbata-zielona-sweet-hearts\/","title":{"rendered":"Herbata zielona Sweet Hearts -10%"},"content":{"rendered":"<p>Herbata Sweet Hearts w wydaniu zielonym jest Boska!<\/p>\n<p>Delikatny aromat , mini pere\u0142ki, dojrza\u0142e czerwone truskawki i soczysta brzoskwinia,\u00a0 Herbata idealna dla zakochanych jak i na rodzinne spotkania.- Oczaruje Ci\u0119 ta kompozycja.<\/p>\n<p>&nbsp;<\/p>\n<p><strong>Sk\u0142adniki:<\/strong> herbata zielona li\u015bciasta Sencha, serduszka cukrowe, cukrowe r\u00f3\u017cowe pere\u0142ki, aromat, truskawka liofilizowana plastry, brzoskwinia liofilizowana<\/p>\n<div><strong>Spos\u00f3b przygotowania:<\/strong><\/div>\n<div>Ilo\u015b\u0107 herbaty: 1 \u0142y\u017ceczka na fili\u017cank\u0119<\/div>\n<div>Temperatura wody: ok. 85\u00b0C<\/div>\n<div>Czas parzenia: 3-5 min.<\/div>\n<div><\/div>\n<div>100g<\/div>\n<div><\/div>\n<p><strong>Kraj pochodzenia Chiny<\/strong><\/p>\n<p><strong>Spos\u00f3b przechowywania: <\/strong>przechowywa\u0107 w suchym miejscu i temperaturze poni\u017cej 25\u00b0C, w szczelnie zamkni\u0119tym opakowaniu.<\/p>\n","protected":false},"excerpt":{"rendered":"<p>Herbata Sweet Hearts w wydaniu zielonym jest Boska! Delikatny aromat  [&#8230;]<\/p>\n","protected":false},"featured_media":3013,"comment_status":"open","ping_status":"closed","template":"","meta":[],"product_brand":[],"product_cat":[27,114,40],"product_tag":[],"class_list":{"0":"post-2983","1":"product","2":"type-product","3":"status-publish","4":"has-post-thumbnail","6":"product_cat-5herbata","7":"product_cat-strefa-dobrych-cen","8":"product_cat-2herbata-zielona","10":"first","11":"instock","12":"sale","13":"shipping-taxable","14":"purchasable","15":"product-type-simple"},"_links":{"self":[{"href":"https:\/\/kawazpianka.pl\/index.php\/wp-json\/wp\/v2\/product\/2983","targetHints":{"allow":["GET"]}}],"collection":[{"href":"https:\/\/kawazpianka.pl\/index.php\/wp-json\/wp\/v2\/product"}],"about":[{"href":"https:\/\/kawazpianka.pl\/index.php\/wp-json\/wp\/v2\/types\/product"}],"replies":[{"embeddable":true,"href":"https:\/\/kawazpianka.pl\/index.php\/wp-json\/wp\/v2\/comments?post=2983"}],"wp:featuredmedia":[{"embeddable":true,"href":"https:\/\/kawazpianka.pl\/index.php\/wp-json\/wp\/v2\/media\/3013"}],"wp:attachment":[{"href":"https:\/\/kawazpianka.pl\/index.php\/wp-json\/wp\/v2\/media?parent=2983"}],"wp:term":[{"taxonomy":"product_brand","embeddable":true,"href":"https:\/\/kawazpianka.pl\/index.php\/wp-json\/wp\/v2\/product_brand?post=2983"},{"taxonomy":"product_cat","embeddable":true,"href":"https:\/\/kawazpianka.pl\/index.php\/wp-json\/wp\/v2\/product_cat?post=2983"},{"taxonomy":"product_tag","embeddable":true,"href":"https:\/\/kawazpianka.pl\/index.php\/wp-json\/wp\/v2\/product_tag?post=2983"}],"curies":[{"name":"wp","href":"https:\/\/api.w.org\/{rel}","templated":true}]}}