{"id":2982,"date":"2026-02-04T09:30:11","date_gmt":"2026-02-04T09:30:11","guid":{"rendered":"https:\/\/kawazpianka.pl\/?post_type=product&#038;p=2982"},"modified":"2026-02-24T17:28:23","modified_gmt":"2026-02-24T17:28:23","slug":"herbata-czarna-sweet-hearts","status":"publish","type":"product","link":"https:\/\/kawazpianka.pl\/index.php\/produkt\/herbata-czarna-sweet-hearts\/","title":{"rendered":"Herbata czarna Sweet Hearts -10%"},"content":{"rendered":"<p>Herbata Sweet Hearts jest Boska!<\/p>\n<p>Delikatny aromat , mini pere\u0142ki, dojrza\u0142e czerwone truskawki i soczysta brzoskwinia,\u00a0 Herbata idealna dla zakochanych jak i na rodzinne spotkania.- Oczaruje Ci\u0119 ta kompozycja.<\/p>\n<p>&nbsp;<\/p>\n<p><strong>Sk\u0142adniki:<\/strong> herbata czarna li\u015bciasta, serduszka cukrowe, cukrowe r\u00f3\u017cowe pere\u0142ki, aromat, truskawka liofilizowana plastry, brzoskwinia liofilizowana grys.<\/p>\n<div><\/div>\n<div><strong>Spos\u00f3b przygotowania:<\/strong><\/div>\n<div>Ilo\u015b\u0107 herbaty: 1 \u0142y\u017ceczka na fili\u017cank\u0119<\/div>\n<div>Temperatura wody: ok. 95\u00b0C<\/div>\n<div>Czas parzenia: 4-5 min.<\/div>\n<div><\/div>\n<div>\u00a0100g<\/div>\n<p><strong>Kraj pochodzenia: <\/strong>Indie<\/p>\n<p><strong>Spos\u00f3b przechowywania: <\/strong>przechowywa\u0107 w suchym miejscu i temperaturze poni\u017cej 25\u00b0C, w szczelnie zamkni\u0119tym opakowaniu.<\/p>\n","protected":false},"excerpt":{"rendered":"<p>Herbata Sweet Hearts jest Boska! Delikatny aromat , mini pere\u0142ki,  [&#8230;]<\/p>\n","protected":false},"featured_media":3012,"comment_status":"open","ping_status":"closed","template":"","meta":[],"product_brand":[],"product_cat":[72,27,114],"product_tag":[],"class_list":{"0":"post-2982","1":"product","2":"type-product","3":"status-publish","4":"has-post-thumbnail","6":"product_cat-1czarna","7":"product_cat-5herbata","8":"product_cat-strefa-dobrych-cen","10":"first","11":"instock","12":"sale","13":"shipping-taxable","14":"purchasable","15":"product-type-simple"},"_links":{"self":[{"href":"https:\/\/kawazpianka.pl\/index.php\/wp-json\/wp\/v2\/product\/2982","targetHints":{"allow":["GET"]}}],"collection":[{"href":"https:\/\/kawazpianka.pl\/index.php\/wp-json\/wp\/v2\/product"}],"about":[{"href":"https:\/\/kawazpianka.pl\/index.php\/wp-json\/wp\/v2\/types\/product"}],"replies":[{"embeddable":true,"href":"https:\/\/kawazpianka.pl\/index.php\/wp-json\/wp\/v2\/comments?post=2982"}],"wp:featuredmedia":[{"embeddable":true,"href":"https:\/\/kawazpianka.pl\/index.php\/wp-json\/wp\/v2\/media\/3012"}],"wp:attachment":[{"href":"https:\/\/kawazpianka.pl\/index.php\/wp-json\/wp\/v2\/media?parent=2982"}],"wp:term":[{"taxonomy":"product_brand","embeddable":true,"href":"https:\/\/kawazpianka.pl\/index.php\/wp-json\/wp\/v2\/product_brand?post=2982"},{"taxonomy":"product_cat","embeddable":true,"href":"https:\/\/kawazpianka.pl\/index.php\/wp-json\/wp\/v2\/product_cat?post=2982"},{"taxonomy":"product_tag","embeddable":true,"href":"https:\/\/kawazpianka.pl\/index.php\/wp-json\/wp\/v2\/product_tag?post=2982"}],"curies":[{"name":"wp","href":"https:\/\/api.w.org\/{rel}","templated":true}]}}