{"id":2962,"date":"2026-02-02T21:28:07","date_gmt":"2026-02-02T21:28:07","guid":{"rendered":"https:\/\/kawazpianka.pl\/?post_type=product&#038;p=2962"},"modified":"2026-04-10T09:06:49","modified_gmt":"2026-04-10T09:06:49","slug":"truskawki-liofilizowane-45g","status":"publish","type":"product","link":"https:\/\/kawazpianka.pl\/index.php\/produkt\/truskawki-liofilizowane-45g\/","title":{"rendered":"Truskawki liofilizowane 45g"},"content":{"rendered":"<p data-start=\"164\" data-end=\"421\"><strong data-start=\"168\" data-end=\"200\">Truskawki liofilizowane 100%<\/strong><\/p>\n<p data-start=\"164\" data-end=\"421\">Liofilizowane- inaczej &#8222;suszone- bez wilgoci <img decoding=\"async\" class=\"emoji\" role=\"img\" src=\"https:\/\/s.w.org\/images\/core\/emoji\/17.0.2\/svg\/1f353.svg\" alt=\"\ud83c\udf53\" \/>przepyszne , smak lata zim\u0105.<\/p>\n<p data-start=\"423\" data-end=\"643\">s\u0105 lekkie i chrupi\u0105ce idealne na zdrow\u0105 przek\u0105sk\u0119, dla ka\u017cdego. \u015awietnie nadaj\u0105 si\u0119 jako dodatek do owsianek, p\u0142atk\u00f3w \u015bniadaniowych, jak r\u00f3wnie\u017c do dekoracji tort\u00f3w i ciasteczek.<\/p>\n<p data-start=\"1006\" data-end=\"1028\"><strong data-start=\"1010\" data-end=\"1026\">Zastosowanie<\/strong><\/p>\n<ul>\n<li data-start=\"1123\" data-end=\"1164\">idealne do smoothie i koktajli mleczno-owocowych<\/li>\n<li data-start=\"1167\" data-end=\"1201\">dekoracja tort\u00f3w deser\u00f3w, lod\u00f3w, gofr\u00f3w, nale\u015bnik\u00f3w, pancakes<\/li>\n<li>dodatek do musli, owsianki<\/li>\n<\/ul>\n<p>&nbsp;<\/p>\n","protected":false},"excerpt":{"rendered":"<p>Truskawki liofilizowane 100% Liofilizowane- inaczej &#8222;suszone- bez wilgoci przepyszne ,  [&#8230;]<\/p>\n","protected":false},"featured_media":3023,"comment_status":"open","ping_status":"closed","template":"","meta":[],"product_brand":[],"product_cat":[93,30],"product_tag":[],"class_list":{"0":"post-2962","1":"product","2":"type-product","3":"status-publish","4":"has-post-thumbnail","6":"product_cat-owoce-liofilizowane","7":"product_cat-spizarnia","9":"first","10":"instock","11":"shipping-taxable","12":"purchasable","13":"product-type-simple"},"_links":{"self":[{"href":"https:\/\/kawazpianka.pl\/index.php\/wp-json\/wp\/v2\/product\/2962","targetHints":{"allow":["GET"]}}],"collection":[{"href":"https:\/\/kawazpianka.pl\/index.php\/wp-json\/wp\/v2\/product"}],"about":[{"href":"https:\/\/kawazpianka.pl\/index.php\/wp-json\/wp\/v2\/types\/product"}],"replies":[{"embeddable":true,"href":"https:\/\/kawazpianka.pl\/index.php\/wp-json\/wp\/v2\/comments?post=2962"}],"wp:featuredmedia":[{"embeddable":true,"href":"https:\/\/kawazpianka.pl\/index.php\/wp-json\/wp\/v2\/media\/3023"}],"wp:attachment":[{"href":"https:\/\/kawazpianka.pl\/index.php\/wp-json\/wp\/v2\/media?parent=2962"}],"wp:term":[{"taxonomy":"product_brand","embeddable":true,"href":"https:\/\/kawazpianka.pl\/index.php\/wp-json\/wp\/v2\/product_brand?post=2962"},{"taxonomy":"product_cat","embeddable":true,"href":"https:\/\/kawazpianka.pl\/index.php\/wp-json\/wp\/v2\/product_cat?post=2962"},{"taxonomy":"product_tag","embeddable":true,"href":"https:\/\/kawazpianka.pl\/index.php\/wp-json\/wp\/v2\/product_tag?post=2962"}],"curies":[{"name":"wp","href":"https:\/\/api.w.org\/{rel}","templated":true}]}}