{"id":2949,"date":"2026-01-17T19:07:04","date_gmt":"2026-01-17T19:07:04","guid":{"rendered":"https:\/\/kawazpianka.pl\/?post_type=product&#038;p=2949"},"modified":"2026-01-17T19:08:34","modified_gmt":"2026-01-17T19:08:34","slug":"miod-z-akacji-430g-k","status":"publish","type":"product","link":"https:\/\/kawazpianka.pl\/index.php\/produkt\/miod-z-akacji-430g-k\/","title":{"rendered":"Mi\u00f3d z akacji 430g"},"content":{"rendered":"<p>Wspania\u0142y, \u015bwie\u017cutki, p\u0142ynny, delikatny z pasieki z \u00a0Po\u0142udniowego Podlasia<\/p>\n<p>Pycha!!!<\/p>\n","protected":false},"excerpt":{"rendered":"<p>Wspania\u0142y, \u015bwie\u017cutki, p\u0142ynny, delikatny z pasieki z \u00a0Po\u0142udniowego Podlasia Pycha!!!<\/p>\n","protected":false},"featured_media":2945,"comment_status":"open","ping_status":"closed","template":"","meta":[],"product_brand":[],"product_cat":[90,30],"product_tag":[],"class_list":{"0":"post-2949","1":"product","2":"type-product","3":"status-publish","4":"has-post-thumbnail","6":"product_cat-miody","7":"product_cat-spizarnia","9":"first","10":"instock","11":"shipping-taxable","12":"purchasable","13":"product-type-simple"},"_links":{"self":[{"href":"https:\/\/kawazpianka.pl\/index.php\/wp-json\/wp\/v2\/product\/2949","targetHints":{"allow":["GET"]}}],"collection":[{"href":"https:\/\/kawazpianka.pl\/index.php\/wp-json\/wp\/v2\/product"}],"about":[{"href":"https:\/\/kawazpianka.pl\/index.php\/wp-json\/wp\/v2\/types\/product"}],"replies":[{"embeddable":true,"href":"https:\/\/kawazpianka.pl\/index.php\/wp-json\/wp\/v2\/comments?post=2949"}],"wp:featuredmedia":[{"embeddable":true,"href":"https:\/\/kawazpianka.pl\/index.php\/wp-json\/wp\/v2\/media\/2945"}],"wp:attachment":[{"href":"https:\/\/kawazpianka.pl\/index.php\/wp-json\/wp\/v2\/media?parent=2949"}],"wp:term":[{"taxonomy":"product_brand","embeddable":true,"href":"https:\/\/kawazpianka.pl\/index.php\/wp-json\/wp\/v2\/product_brand?post=2949"},{"taxonomy":"product_cat","embeddable":true,"href":"https:\/\/kawazpianka.pl\/index.php\/wp-json\/wp\/v2\/product_cat?post=2949"},{"taxonomy":"product_tag","embeddable":true,"href":"https:\/\/kawazpianka.pl\/index.php\/wp-json\/wp\/v2\/product_tag?post=2949"}],"curies":[{"name":"wp","href":"https:\/\/api.w.org\/{rel}","templated":true}]}}