{"id":2944,"date":"2026-01-17T18:48:09","date_gmt":"2026-01-17T18:48:09","guid":{"rendered":"https:\/\/kawazpianka.pl\/?post_type=product&#038;p=2944"},"modified":"2026-01-17T18:50:11","modified_gmt":"2026-01-17T18:50:11","slug":"miod-wielokwiatowy-2","status":"publish","type":"product","link":"https:\/\/kawazpianka.pl\/index.php\/produkt\/miod-wielokwiatowy-2\/","title":{"rendered":"Mi\u00f3d wielokwiatowy 220g"},"content":{"rendered":"<p>wspania\u0142a mi\u00f3d wielokwiatowy polskiej Pasieki na terenach Po\u0142udniowego Podlasia<\/p>\n<p>220g<\/p>\n","protected":false},"excerpt":{"rendered":"<p>wspania\u0142a mi\u00f3d wielokwiatowy polskiej Pasieki na terenach Po\u0142udniowego Podlasia 220g<\/p>\n","protected":false},"featured_media":2941,"comment_status":"open","ping_status":"closed","template":"","meta":[],"product_brand":[],"product_cat":[90,30],"product_tag":[],"class_list":{"0":"post-2944","1":"product","2":"type-product","3":"status-publish","4":"has-post-thumbnail","6":"product_cat-miody","7":"product_cat-spizarnia","9":"first","10":"instock","11":"shipping-taxable","12":"purchasable","13":"product-type-simple"},"_links":{"self":[{"href":"https:\/\/kawazpianka.pl\/index.php\/wp-json\/wp\/v2\/product\/2944","targetHints":{"allow":["GET"]}}],"collection":[{"href":"https:\/\/kawazpianka.pl\/index.php\/wp-json\/wp\/v2\/product"}],"about":[{"href":"https:\/\/kawazpianka.pl\/index.php\/wp-json\/wp\/v2\/types\/product"}],"replies":[{"embeddable":true,"href":"https:\/\/kawazpianka.pl\/index.php\/wp-json\/wp\/v2\/comments?post=2944"}],"wp:featuredmedia":[{"embeddable":true,"href":"https:\/\/kawazpianka.pl\/index.php\/wp-json\/wp\/v2\/media\/2941"}],"wp:attachment":[{"href":"https:\/\/kawazpianka.pl\/index.php\/wp-json\/wp\/v2\/media?parent=2944"}],"wp:term":[{"taxonomy":"product_brand","embeddable":true,"href":"https:\/\/kawazpianka.pl\/index.php\/wp-json\/wp\/v2\/product_brand?post=2944"},{"taxonomy":"product_cat","embeddable":true,"href":"https:\/\/kawazpianka.pl\/index.php\/wp-json\/wp\/v2\/product_cat?post=2944"},{"taxonomy":"product_tag","embeddable":true,"href":"https:\/\/kawazpianka.pl\/index.php\/wp-json\/wp\/v2\/product_tag?post=2944"}],"curies":[{"name":"wp","href":"https:\/\/api.w.org\/{rel}","templated":true}]}}