{"id":2943,"date":"2026-01-17T12:44:38","date_gmt":"2026-01-17T12:44:38","guid":{"rendered":"https:\/\/kawazpianka.pl\/?post_type=product&#038;p=2943"},"modified":"2026-03-28T07:52:00","modified_gmt":"2026-03-28T07:52:00","slug":"herbatka-zielona-limonkowa-nutka","status":"publish","type":"product","link":"https:\/\/kawazpianka.pl\/index.php\/produkt\/herbatka-zielona-limonkowa-nutka\/","title":{"rendered":"Herbatka zielona limonkowa nutka 50g"},"content":{"rendered":"<div class=\"video-shortcode\">\n<blockquote class=\"wp-embedded-content\" data-secret=\"579xPt6AAK\"><p><a href=\"https:\/\/kawazpianka.pl\/index.php\/produkt\/limonkowa-nutka-2\/\">Limonkowa Nutka<\/a><\/p><\/blockquote>\n<p><iframe class=\"wp-embedded-content\" sandbox=\"allow-scripts\" security=\"restricted\" style=\"position: absolute; visibility: hidden;\" title=\"&#8222;Limonkowa Nutka&#8221; &#8212; Kawa z Piank\u0105\" src=\"https:\/\/kawazpianka.pl\/index.php\/produkt\/limonkowa-nutka-2\/embed\/#?secret=hpRjGgCWNl#?secret=579xPt6AAK\" data-secret=\"579xPt6AAK\" width=\"600\" height=\"338\" frameborder=\"0\" marginwidth=\"0\" marginheight=\"0\" scrolling=\"no\"><\/iframe><\/div>\n<p>50g<\/p>\n<p>zapakowana w s\u0142oik, kt\u00f3ry mo\u017cesz u\u017cywa\u0107 ponownie. Idealna na ma\u0142y upominek<\/p>\n","protected":false},"excerpt":{"rendered":"<p>Limonkowa Nutka 50g zapakowana w s\u0142oik, kt\u00f3ry mo\u017cesz u\u017cywa\u0107 ponownie.  [&#8230;]<\/p>\n","protected":false},"featured_media":3224,"comment_status":"open","ping_status":"closed","template":"","meta":[],"product_brand":[],"product_cat":[115,27,116,40],"product_tag":[],"class_list":{"0":"post-2943","1":"product","2":"type-product","3":"status-publish","4":"has-post-thumbnail","6":"product_cat-dzien-babci-i-dziadka","7":"product_cat-5herbata","8":"product_cat-wiosna","9":"product_cat-2herbata-zielona","11":"first","12":"instock","13":"shipping-taxable","14":"purchasable","15":"product-type-simple"},"_links":{"self":[{"href":"https:\/\/kawazpianka.pl\/index.php\/wp-json\/wp\/v2\/product\/2943","targetHints":{"allow":["GET"]}}],"collection":[{"href":"https:\/\/kawazpianka.pl\/index.php\/wp-json\/wp\/v2\/product"}],"about":[{"href":"https:\/\/kawazpianka.pl\/index.php\/wp-json\/wp\/v2\/types\/product"}],"replies":[{"embeddable":true,"href":"https:\/\/kawazpianka.pl\/index.php\/wp-json\/wp\/v2\/comments?post=2943"}],"wp:featuredmedia":[{"embeddable":true,"href":"https:\/\/kawazpianka.pl\/index.php\/wp-json\/wp\/v2\/media\/3224"}],"wp:attachment":[{"href":"https:\/\/kawazpianka.pl\/index.php\/wp-json\/wp\/v2\/media?parent=2943"}],"wp:term":[{"taxonomy":"product_brand","embeddable":true,"href":"https:\/\/kawazpianka.pl\/index.php\/wp-json\/wp\/v2\/product_brand?post=2943"},{"taxonomy":"product_cat","embeddable":true,"href":"https:\/\/kawazpianka.pl\/index.php\/wp-json\/wp\/v2\/product_cat?post=2943"},{"taxonomy":"product_tag","embeddable":true,"href":"https:\/\/kawazpianka.pl\/index.php\/wp-json\/wp\/v2\/product_tag?post=2943"}],"curies":[{"name":"wp","href":"https:\/\/api.w.org\/{rel}","templated":true}]}}