{"id":2935,"date":"2026-01-17T09:29:59","date_gmt":"2026-01-17T09:29:59","guid":{"rendered":"https:\/\/kawazpianka.pl\/?post_type=product&#038;p=2935"},"modified":"2026-01-17T09:34:58","modified_gmt":"2026-01-17T09:34:58","slug":"2935","status":"publish","type":"product","link":"https:\/\/kawazpianka.pl\/index.php\/produkt\/2935\/","title":{"rendered":"Bombonierka herbat kwitn\u0105cych"},"content":{"rendered":"<p>Mix herbat kwitn\u0105cych<\/p>\n<p>Herbata bia\u0142a Fortuna smaku<\/p>\n<p>herbata czarna black ball<\/p>\n<p>herbata zielona flower Leeche ball<\/p>\n<p>hwrbata zielona\/bia\u0142a Camus blooming<\/p>\n<p>herbata zielona\/bia\u0142a Almonds<\/p>\n<p>herbata zielona Orienta\u0142 beauty<\/p>\n<p>herbata Ielona Gold Ingot<\/p>\n<p>herbata zielona Lilly Fairy<\/p>\n<p>herbata zielona Hei Bei<\/p>\n<p>&nbsp;<\/p>\n<p>1 kulka herbaciana wystarcza nawet na \u00a01 litr naparu<\/p>\n<p>U\u017cyj do parzenia szklanego du\u017cego dzbanka, aby cieszy\u0107 si\u0119 pi\u0119knym wygl\u0105dem rozkwitania herbacianych listk\u00f3w<\/p>\n<p>Zielon\u0105 i bia\u0142\u0105 herbat\u0119 zalewaj wod\u0105 max 90\u2019 C ( zagotowan\u0105 wod\u0119 pozostaw do ostygni\u0119cia na 5min z otwartym wieczkiem czajnika- wtedy osi\u0105gnie po\u017c\u0105dan\u0105 temperatur\u0119) \u00a0zalej ok 600ml wody i parz oko\u0142o 5min- obserwuj jak rozwija si\u0119 pi\u0119kny kwiat. Potem zlej napar do fili\u017canek i mo\u017cesz zala\u0107 herbat\u0119 drugi raz<\/p>\n<p>kraj pochodzenia: Chiny<\/p>\n","protected":false},"excerpt":{"rendered":"<p>Mix herbat kwitn\u0105cych Herbata bia\u0142a Fortuna smaku herbata czarna black  [&#8230;]<\/p>\n","protected":false},"featured_media":2936,"comment_status":"open","ping_status":"closed","template":"","meta":[],"product_brand":[],"product_cat":[115,27,42],"product_tag":[],"class_list":{"0":"post-2935","1":"product","2":"type-product","3":"status-publish","4":"has-post-thumbnail","6":"product_cat-dzien-babci-i-dziadka","7":"product_cat-5herbata","8":"product_cat-5herbata-inne","10":"first","11":"instock","12":"shipping-taxable","13":"purchasable","14":"product-type-simple"},"_links":{"self":[{"href":"https:\/\/kawazpianka.pl\/index.php\/wp-json\/wp\/v2\/product\/2935","targetHints":{"allow":["GET"]}}],"collection":[{"href":"https:\/\/kawazpianka.pl\/index.php\/wp-json\/wp\/v2\/product"}],"about":[{"href":"https:\/\/kawazpianka.pl\/index.php\/wp-json\/wp\/v2\/types\/product"}],"replies":[{"embeddable":true,"href":"https:\/\/kawazpianka.pl\/index.php\/wp-json\/wp\/v2\/comments?post=2935"}],"wp:featuredmedia":[{"embeddable":true,"href":"https:\/\/kawazpianka.pl\/index.php\/wp-json\/wp\/v2\/media\/2936"}],"wp:attachment":[{"href":"https:\/\/kawazpianka.pl\/index.php\/wp-json\/wp\/v2\/media?parent=2935"}],"wp:term":[{"taxonomy":"product_brand","embeddable":true,"href":"https:\/\/kawazpianka.pl\/index.php\/wp-json\/wp\/v2\/product_brand?post=2935"},{"taxonomy":"product_cat","embeddable":true,"href":"https:\/\/kawazpianka.pl\/index.php\/wp-json\/wp\/v2\/product_cat?post=2935"},{"taxonomy":"product_tag","embeddable":true,"href":"https:\/\/kawazpianka.pl\/index.php\/wp-json\/wp\/v2\/product_tag?post=2935"}],"curies":[{"name":"wp","href":"https:\/\/api.w.org\/{rel}","templated":true}]}}