{"id":2931,"date":"2026-01-17T08:30:35","date_gmt":"2026-01-17T08:30:35","guid":{"rendered":"https:\/\/kawazpianka.pl\/?post_type=product&#038;p=2931"},"modified":"2026-01-17T08:32:44","modified_gmt":"2026-01-17T08:32:44","slug":"zestaw-babcia","status":"publish","type":"product","link":"https:\/\/kawazpianka.pl\/index.php\/produkt\/zestaw-babcia\/","title":{"rendered":"Zestaw Babcia"},"content":{"rendered":"<p>W zestawie znajdziesz<\/p>\n<p>kaw\u0119 z oferty dla babci o aromacie kremowej \u015amietanki,<\/p>\n<p>herbat\u0119 dla babci czarn\u0105 z suszem owocowo- \u015bliwkowym \u015aliwkowy sad<\/p>\n<p>i mleczna cWkola<\/p>\n<p>&nbsp;<\/p>\n","protected":false},"excerpt":{"rendered":"<p>W zestawie znajdziesz kaw\u0119 z oferty dla babci o aromacie  [&#8230;]<\/p>\n","protected":false},"featured_media":2932,"comment_status":"open","ping_status":"closed","template":"","meta":[],"product_brand":[],"product_cat":[115],"product_tag":[],"class_list":{"0":"post-2931","1":"product","2":"type-product","3":"status-publish","4":"has-post-thumbnail","6":"product_cat-dzien-babci-i-dziadka","8":"first","9":"instock","10":"shipping-taxable","11":"product-type-simple"},"_links":{"self":[{"href":"https:\/\/kawazpianka.pl\/index.php\/wp-json\/wp\/v2\/product\/2931","targetHints":{"allow":["GET"]}}],"collection":[{"href":"https:\/\/kawazpianka.pl\/index.php\/wp-json\/wp\/v2\/product"}],"about":[{"href":"https:\/\/kawazpianka.pl\/index.php\/wp-json\/wp\/v2\/types\/product"}],"replies":[{"embeddable":true,"href":"https:\/\/kawazpianka.pl\/index.php\/wp-json\/wp\/v2\/comments?post=2931"}],"wp:featuredmedia":[{"embeddable":true,"href":"https:\/\/kawazpianka.pl\/index.php\/wp-json\/wp\/v2\/media\/2932"}],"wp:attachment":[{"href":"https:\/\/kawazpianka.pl\/index.php\/wp-json\/wp\/v2\/media?parent=2931"}],"wp:term":[{"taxonomy":"product_brand","embeddable":true,"href":"https:\/\/kawazpianka.pl\/index.php\/wp-json\/wp\/v2\/product_brand?post=2931"},{"taxonomy":"product_cat","embeddable":true,"href":"https:\/\/kawazpianka.pl\/index.php\/wp-json\/wp\/v2\/product_cat?post=2931"},{"taxonomy":"product_tag","embeddable":true,"href":"https:\/\/kawazpianka.pl\/index.php\/wp-json\/wp\/v2\/product_tag?post=2931"}],"curies":[{"name":"wp","href":"https:\/\/api.w.org\/{rel}","templated":true}]}}