{"id":2907,"date":"2026-01-15T17:55:02","date_gmt":"2026-01-15T17:55:02","guid":{"rendered":"https:\/\/kawazpianka.pl\/?post_type=product&#038;p=2907"},"modified":"2026-01-15T17:56:55","modified_gmt":"2026-01-15T17:56:55","slug":"zestaw-upominkowy-babcia-dziadek","status":"publish","type":"product","link":"https:\/\/kawazpianka.pl\/index.php\/produkt\/zestaw-upominkowy-babcia-dziadek\/","title":{"rendered":"zestaw upominkowy Babcia\/Dziadek"},"content":{"rendered":"<p>W zestawie znajdziesz kaw\u0119 lub herbat\u0119<\/p>\n<p>(napisz do nas w komentarzu do zam\u00f3wienia, co wybierasz)<\/p>\n<p>i bakalie &#8211; tu na zdj\u0119ciu mamy \u015bliwki<\/p>\n<p>do wyboru masz: \u017curawin\u0119, orzechy laskowe, orzechy nerkowca, daktyle, sk\u00f3rk\u0119 pomara\u0144czow\u0105<\/p>\n<p>daj zna\u0107 w komentarzu co wybierasz<\/p>\n","protected":false},"excerpt":{"rendered":"<p>W zestawie znajdziesz kaw\u0119 lub herbat\u0119 (napisz do nas w  [&#8230;]<\/p>\n","protected":false},"featured_media":2908,"comment_status":"open","ping_status":"closed","template":"","meta":[],"product_brand":[],"product_cat":[115],"product_tag":[],"class_list":{"0":"post-2907","1":"product","2":"type-product","3":"status-publish","4":"has-post-thumbnail","6":"product_cat-dzien-babci-i-dziadka","8":"first","9":"instock","10":"shipping-taxable","11":"purchasable","12":"product-type-simple"},"_links":{"self":[{"href":"https:\/\/kawazpianka.pl\/index.php\/wp-json\/wp\/v2\/product\/2907","targetHints":{"allow":["GET"]}}],"collection":[{"href":"https:\/\/kawazpianka.pl\/index.php\/wp-json\/wp\/v2\/product"}],"about":[{"href":"https:\/\/kawazpianka.pl\/index.php\/wp-json\/wp\/v2\/types\/product"}],"replies":[{"embeddable":true,"href":"https:\/\/kawazpianka.pl\/index.php\/wp-json\/wp\/v2\/comments?post=2907"}],"wp:featuredmedia":[{"embeddable":true,"href":"https:\/\/kawazpianka.pl\/index.php\/wp-json\/wp\/v2\/media\/2908"}],"wp:attachment":[{"href":"https:\/\/kawazpianka.pl\/index.php\/wp-json\/wp\/v2\/media?parent=2907"}],"wp:term":[{"taxonomy":"product_brand","embeddable":true,"href":"https:\/\/kawazpianka.pl\/index.php\/wp-json\/wp\/v2\/product_brand?post=2907"},{"taxonomy":"product_cat","embeddable":true,"href":"https:\/\/kawazpianka.pl\/index.php\/wp-json\/wp\/v2\/product_cat?post=2907"},{"taxonomy":"product_tag","embeddable":true,"href":"https:\/\/kawazpianka.pl\/index.php\/wp-json\/wp\/v2\/product_tag?post=2907"}],"curies":[{"name":"wp","href":"https:\/\/api.w.org\/{rel}","templated":true}]}}