{"id":2902,"date":"2026-01-15T17:45:51","date_gmt":"2026-01-15T17:45:51","guid":{"rendered":"https:\/\/kawazpianka.pl\/?post_type=product&#038;p=2902"},"modified":"2026-01-21T16:35:01","modified_gmt":"2026-01-21T16:35:01","slug":"zestaw-upominkowy","status":"publish","type":"product","link":"https:\/\/kawazpianka.pl\/index.php\/produkt\/zestaw-upominkowy\/","title":{"rendered":"zestaw upominkowy"},"content":{"rendered":"<p>W zestawie znajduj\u0105 si\u0119<\/p>\n<p>mi\u00f3d wielokwiatowy nektarowy 220g<\/p>\n<div class=\"video-shortcode\">\n<blockquote class=\"wp-embedded-content\" data-secret=\"9FjkfGIWEa\"><p><a href=\"https:\/\/kawazpianka.pl\/index.php\/produkt\/miod-dla-babci\/\">mi\u00f3d dla babci 220g<\/a><\/p><\/blockquote>\n<p><iframe class=\"wp-embedded-content\" sandbox=\"allow-scripts\" security=\"restricted\" style=\"position: absolute; visibility: hidden;\" title=\"&#8222;mi\u00f3d dla babci 220g&#8221; &#8212; Kawa z Piank\u0105\" src=\"https:\/\/kawazpianka.pl\/index.php\/produkt\/miod-dla-babci\/embed\/#?secret=T8a7zm6lEH#?secret=9FjkfGIWEa\" data-secret=\"9FjkfGIWEa\" width=\"600\" height=\"338\" frameborder=\"0\" marginwidth=\"0\" marginheight=\"0\" scrolling=\"no\"><\/iframe><\/div>\n<p>herbata czarna z suszem owocowym \u015aliwkowy Sad 50g<\/p>\n<div class=\"video-shortcode\">\n<blockquote class=\"wp-embedded-content\" data-secret=\"g0dmRdjJmA\"><p><a href=\"https:\/\/kawazpianka.pl\/index.php\/produkt\/herbata-dla-babci-w-sloiczku\/\">Herbatka dla babci w s\u0142oiczku<\/a><\/p><\/blockquote>\n<p><iframe class=\"wp-embedded-content\" sandbox=\"allow-scripts\" security=\"restricted\" style=\"position: absolute; visibility: hidden;\" title=\"&#8222;Herbatka dla babci w s\u0142oiczku&#8221; &#8212; Kawa z Piank\u0105\" src=\"https:\/\/kawazpianka.pl\/index.php\/produkt\/herbata-dla-babci-w-sloiczku\/embed\/#?secret=N0xcFcP9jR#?secret=g0dmRdjJmA\" data-secret=\"g0dmRdjJmA\" width=\"600\" height=\"338\" frameborder=\"0\" marginwidth=\"0\" marginheight=\"0\" scrolling=\"no\"><\/iframe><\/div>\n<p>zestaw jest zapakowany w \u0142adne kartonowe pude\u0142ko z tektury falistej<\/p>\n","protected":false},"excerpt":{"rendered":"<p>W zestawie znajduj\u0105 si\u0119 mi\u00f3d wielokwiatowy nektarowy 220g mi\u00f3d dla  [&#8230;]<\/p>\n","protected":false},"featured_media":2903,"comment_status":"open","ping_status":"closed","template":"","meta":[],"product_brand":[],"product_cat":[115],"product_tag":[],"class_list":{"0":"post-2902","1":"product","2":"type-product","3":"status-publish","4":"has-post-thumbnail","6":"product_cat-dzien-babci-i-dziadka","8":"first","9":"outofstock","10":"shipping-taxable","11":"purchasable","12":"product-type-simple"},"_links":{"self":[{"href":"https:\/\/kawazpianka.pl\/index.php\/wp-json\/wp\/v2\/product\/2902","targetHints":{"allow":["GET"]}}],"collection":[{"href":"https:\/\/kawazpianka.pl\/index.php\/wp-json\/wp\/v2\/product"}],"about":[{"href":"https:\/\/kawazpianka.pl\/index.php\/wp-json\/wp\/v2\/types\/product"}],"replies":[{"embeddable":true,"href":"https:\/\/kawazpianka.pl\/index.php\/wp-json\/wp\/v2\/comments?post=2902"}],"wp:featuredmedia":[{"embeddable":true,"href":"https:\/\/kawazpianka.pl\/index.php\/wp-json\/wp\/v2\/media\/2903"}],"wp:attachment":[{"href":"https:\/\/kawazpianka.pl\/index.php\/wp-json\/wp\/v2\/media?parent=2902"}],"wp:term":[{"taxonomy":"product_brand","embeddable":true,"href":"https:\/\/kawazpianka.pl\/index.php\/wp-json\/wp\/v2\/product_brand?post=2902"},{"taxonomy":"product_cat","embeddable":true,"href":"https:\/\/kawazpianka.pl\/index.php\/wp-json\/wp\/v2\/product_cat?post=2902"},{"taxonomy":"product_tag","embeddable":true,"href":"https:\/\/kawazpianka.pl\/index.php\/wp-json\/wp\/v2\/product_tag?post=2902"}],"curies":[{"name":"wp","href":"https:\/\/api.w.org\/{rel}","templated":true}]}}