{"id":2600,"date":"2025-11-23T19:33:10","date_gmt":"2025-11-23T19:33:10","guid":{"rendered":"https:\/\/kawazpianka.pl\/?post_type=product&#038;p=2600"},"modified":"2026-01-12T14:30:29","modified_gmt":"2026-01-12T14:30:29","slug":"wisnie-w-czekoladzie","status":"publish","type":"product","link":"https:\/\/kawazpianka.pl\/index.php\/produkt\/wisnie-w-czekoladzie\/","title":{"rendered":"Wi\u015bnie w Czekoladzie"},"content":{"rendered":"<h2>Kawa Wi\u015bnie w Czekoladzie<\/h2>\n<p>Najwy\u017cszej jako\u015bci ziarna 100 % Arabica, wzbogacone aromatem wi\u015bni i czekolady<\/p>\n<div>Idealne po\u0142\u0105czenie nietylko na \u015awi\u0105teczny grudniowy czas. Poczujesz, jakby\u015b kosztowa\u0142 najwy\u017cszej jako\u015bci wi\u015bni oblanych najlepsz\u0105 czekolad\u0105. Jej aromat jest na prawd\u0119 wyj\u0105tkowy- zakochasz si\u0119 w nim na pewno- przywo\u0142uje wspania\u0142y grudniowy czas, ach &#8211; od razu si\u0119 rozczulamy i przywo\u0142ujemy wspomnienia i pozytywne emocje. Zaparz j\u0105 i delektuj si\u0119 razem z bliskimi- b\u0119dziesz z ut\u0119sknieniem czeka\u0142 na ka\u017cdy kolejny zimowy sezon w naszej herbaciarni.<\/div>\n<div><\/div>\n<p><strong>Gatunek: <\/strong>100 % Arabica<\/p>\n<p><strong>Sk\u0142adniki:<\/strong> kawa pra\u017cona, aromat.<\/p>\n<p><strong>Kraj pochodzenia: <\/strong>Brazylia<\/p>\n<p><strong>Przeznaczenie:<\/strong>\u00a0kawa aromatyzowana najlepiej smakuje tu\u017c po zmieleniu. Zalecamy tradycyjne sposoby parzenia kawy. Nie zalecamy stosowania jej w ekspresach automatycznych wyposa\u017conych w m\u0142ynek. Ziarna kawy smakowej s\u0105 wyj\u0105tkowo kleiste i przylegaj\u0105c do m\u0142ynka sprawiaj\u0105, \u017ce mo\u017ce ulec uszkodzeniu.<\/p>\n<p><strong>Spos\u00f3b przechowywania: <\/strong>przechowywa\u0107 w suchym miejscu i temperaturze poni\u017cej 25\u00b0C, w szczelnie zamkni\u0119tym opakowaniu.<\/p>\n","protected":false},"excerpt":{"rendered":"<p>Kawa Wi\u015bnie w Czekoladzie Najwy\u017cszej jako\u015bci ziarna 100 % Arabica,  [&#8230;]<\/p>\n","protected":false},"featured_media":2309,"comment_status":"open","ping_status":"closed","template":"","meta":[],"product_brand":[],"product_cat":[37,26],"product_tag":[],"class_list":{"0":"post-2600","1":"product","2":"type-product","3":"status-publish","4":"has-post-thumbnail","6":"product_cat-2kawa-aromatyczna","7":"product_cat-4kawa","9":"first","10":"instock","11":"shipping-taxable","12":"purchasable","13":"product-type-variable","14":"has-default-attributes"},"_links":{"self":[{"href":"https:\/\/kawazpianka.pl\/index.php\/wp-json\/wp\/v2\/product\/2600","targetHints":{"allow":["GET"]}}],"collection":[{"href":"https:\/\/kawazpianka.pl\/index.php\/wp-json\/wp\/v2\/product"}],"about":[{"href":"https:\/\/kawazpianka.pl\/index.php\/wp-json\/wp\/v2\/types\/product"}],"replies":[{"embeddable":true,"href":"https:\/\/kawazpianka.pl\/index.php\/wp-json\/wp\/v2\/comments?post=2600"}],"wp:featuredmedia":[{"embeddable":true,"href":"https:\/\/kawazpianka.pl\/index.php\/wp-json\/wp\/v2\/media\/2309"}],"wp:attachment":[{"href":"https:\/\/kawazpianka.pl\/index.php\/wp-json\/wp\/v2\/media?parent=2600"}],"wp:term":[{"taxonomy":"product_brand","embeddable":true,"href":"https:\/\/kawazpianka.pl\/index.php\/wp-json\/wp\/v2\/product_brand?post=2600"},{"taxonomy":"product_cat","embeddable":true,"href":"https:\/\/kawazpianka.pl\/index.php\/wp-json\/wp\/v2\/product_cat?post=2600"},{"taxonomy":"product_tag","embeddable":true,"href":"https:\/\/kawazpianka.pl\/index.php\/wp-json\/wp\/v2\/product_tag?post=2600"}],"curies":[{"name":"wp","href":"https:\/\/api.w.org\/{rel}","templated":true}]}}