{"id":2539,"date":"2025-11-23T18:36:49","date_gmt":"2025-11-23T18:36:49","guid":{"rendered":"https:\/\/kawazpianka.pl\/?post_type=product&#038;p=2539"},"modified":"2026-02-24T17:25:25","modified_gmt":"2026-02-24T17:25:25","slug":"herbata-winter-time","status":"publish","type":"product","link":"https:\/\/kawazpianka.pl\/index.php\/produkt\/herbata-winter-time\/","title":{"rendered":"Herbata Winter Time -40%!!"},"content":{"rendered":"<h3>Herbata Winter Time<\/h3>\n<p>Ta mieszanka to istne szale\u0144stwo aromatu. Otwierasz torebk\u0119 i to co czujesz to jaka\u015b magia: s\u0142odka malina uzupe\u0142niana delikatnym aromatem go\u017adzika- co\u015b wyj\u0105tkowego. Patrzysz g\u0142\u0119biej, a tu pi\u0119kne delikatne bia\u0142e \u015bnie\u017cynki, niebieskie p\u0142atki b\u0142awatka- I ju\u017c wiesz, \u017ce pokocha\u0142e\u015b t\u0119 mieszank\u0119. Jej zapach i smak jest Wyj\u0105tkowy. Nie zapomnisz tej herbaty ju\u017c nigdy. I tylko b\u0119dziesz czeka\u0142 na kolejny zimowy sezon.<\/p>\n<p><strong>Sk\u0142adniki:<\/strong> herbata czarna li\u015bciasta, wi\u00f3rki kokosowe, cukrowe \u015bnie\u017cynki, cukrowe z\u0142ote pere\u0142ki, susz egzotyczny (jab\u0142ko, hibiskus, owoc aronii, rodzynka, sk\u00f3rka r\u00f3\u017cy, owoc \u015bliwki, owoc wi\u015bni, sk\u00f3rka pomara\u0144czy, owoc g\u0142ogu, kokos, ananas, czarna porzeczka), aromat, go\u017adzik, malina liofilizowana grys, p\u0142atki b\u0142awatka.<\/p>\n<p><strong>Kraj pochodzenia:<\/strong> Indie<\/p>\n<p><strong>Spos\u00f3b przygotowania:<\/strong><br \/>\nIlo\u015b\u0107 herbaty: 1 \u0142y\u017ceczka na fili\u017cank\u0119<br \/>\nTemperatura wody: ok. 95\u00b0C<br \/>\nCzas parzenia: 4-5 min.<\/p>\n<p><strong>Spos\u00f3b przechowywania:<\/strong> przechowywa\u0107 w suchym miejscu i temperaturze poni\u017cej 25\u00b0C, w szczelnie zamkni\u0119tym opakowaniu.<\/p>\n","protected":false},"excerpt":{"rendered":"<p>Herbata Winter Time Ta mieszanka to istne szale\u0144stwo aromatu. Otwierasz  [&#8230;]<\/p>\n","protected":false},"featured_media":2690,"comment_status":"open","ping_status":"closed","template":"","meta":[],"product_brand":[],"product_cat":[72,27,114,108],"product_tag":[],"class_list":{"0":"post-2539","1":"product","2":"type-product","3":"status-publish","4":"has-post-thumbnail","6":"product_cat-1czarna","7":"product_cat-5herbata","8":"product_cat-strefa-dobrych-cen","9":"product_cat-swiateczne-herbaty","11":"first","12":"instock","13":"sale","14":"shipping-taxable","15":"purchasable","16":"product-type-variable"},"_links":{"self":[{"href":"https:\/\/kawazpianka.pl\/index.php\/wp-json\/wp\/v2\/product\/2539","targetHints":{"allow":["GET"]}}],"collection":[{"href":"https:\/\/kawazpianka.pl\/index.php\/wp-json\/wp\/v2\/product"}],"about":[{"href":"https:\/\/kawazpianka.pl\/index.php\/wp-json\/wp\/v2\/types\/product"}],"replies":[{"embeddable":true,"href":"https:\/\/kawazpianka.pl\/index.php\/wp-json\/wp\/v2\/comments?post=2539"}],"wp:featuredmedia":[{"embeddable":true,"href":"https:\/\/kawazpianka.pl\/index.php\/wp-json\/wp\/v2\/media\/2690"}],"wp:attachment":[{"href":"https:\/\/kawazpianka.pl\/index.php\/wp-json\/wp\/v2\/media?parent=2539"}],"wp:term":[{"taxonomy":"product_brand","embeddable":true,"href":"https:\/\/kawazpianka.pl\/index.php\/wp-json\/wp\/v2\/product_brand?post=2539"},{"taxonomy":"product_cat","embeddable":true,"href":"https:\/\/kawazpianka.pl\/index.php\/wp-json\/wp\/v2\/product_cat?post=2539"},{"taxonomy":"product_tag","embeddable":true,"href":"https:\/\/kawazpianka.pl\/index.php\/wp-json\/wp\/v2\/product_tag?post=2539"}],"curies":[{"name":"wp","href":"https:\/\/api.w.org\/{rel}","templated":true}]}}