{"id":2370,"date":"2025-11-14T11:29:09","date_gmt":"2025-11-14T11:29:09","guid":{"rendered":"https:\/\/kawazpianka.pl\/?post_type=product&#038;p=2370"},"modified":"2025-11-26T07:54:11","modified_gmt":"2025-11-26T07:54:11","slug":"liofilizowana-truskawka-25g","status":"publish","type":"product","link":"https:\/\/kawazpianka.pl\/index.php\/produkt\/liofilizowana-truskawka-25g\/","title":{"rendered":"Liofilizowana truskawka"},"content":{"rendered":"<h2>Pyszna liofilizowana truskawka<\/h2>\n<p>delikatnie, naturalnie s\u0142odka, bez grama dodatkowego cukru<\/p>\n<p>u\u017cyto 200g \u015bwie\u017cych owoc\u00f3w na wyprodukowanie porcji 20g<\/p>\n<p>20g<\/p>\n","protected":false},"excerpt":{"rendered":"<p>Pyszna liofilizowana truskawka delikatnie, naturalnie s\u0142odka, bez grama dodatkowego cukru  [&#8230;]<\/p>\n","protected":false},"featured_media":2727,"comment_status":"open","ping_status":"closed","template":"","meta":[],"product_brand":[],"product_cat":[93,30],"product_tag":[],"class_list":{"0":"post-2370","1":"product","2":"type-product","3":"status-publish","4":"has-post-thumbnail","6":"product_cat-owoce-liofilizowane","7":"product_cat-spizarnia","9":"first","10":"instock","11":"shipping-taxable","12":"purchasable","13":"product-type-simple"},"_links":{"self":[{"href":"https:\/\/kawazpianka.pl\/index.php\/wp-json\/wp\/v2\/product\/2370","targetHints":{"allow":["GET"]}}],"collection":[{"href":"https:\/\/kawazpianka.pl\/index.php\/wp-json\/wp\/v2\/product"}],"about":[{"href":"https:\/\/kawazpianka.pl\/index.php\/wp-json\/wp\/v2\/types\/product"}],"replies":[{"embeddable":true,"href":"https:\/\/kawazpianka.pl\/index.php\/wp-json\/wp\/v2\/comments?post=2370"}],"wp:featuredmedia":[{"embeddable":true,"href":"https:\/\/kawazpianka.pl\/index.php\/wp-json\/wp\/v2\/media\/2727"}],"wp:attachment":[{"href":"https:\/\/kawazpianka.pl\/index.php\/wp-json\/wp\/v2\/media?parent=2370"}],"wp:term":[{"taxonomy":"product_brand","embeddable":true,"href":"https:\/\/kawazpianka.pl\/index.php\/wp-json\/wp\/v2\/product_brand?post=2370"},{"taxonomy":"product_cat","embeddable":true,"href":"https:\/\/kawazpianka.pl\/index.php\/wp-json\/wp\/v2\/product_cat?post=2370"},{"taxonomy":"product_tag","embeddable":true,"href":"https:\/\/kawazpianka.pl\/index.php\/wp-json\/wp\/v2\/product_tag?post=2370"}],"curies":[{"name":"wp","href":"https:\/\/api.w.org\/{rel}","templated":true}]}}