{"id":2369,"date":"2025-11-14T11:27:13","date_gmt":"2025-11-14T11:27:13","guid":{"rendered":"https:\/\/kawazpianka.pl\/?post_type=product&#038;p=2369"},"modified":"2025-11-26T07:54:40","modified_gmt":"2025-11-26T07:54:40","slug":"liofilizowane-jablka","status":"publish","type":"product","link":"https:\/\/kawazpianka.pl\/index.php\/produkt\/liofilizowane-jablka\/","title":{"rendered":"Liofilizowane jab\u0142ka"},"content":{"rendered":"<h2>Pyszne liofilizowane jab\u0142ka<\/h2>\n<p>delikatne naturalne kr\u0105\u017cki jab\u0142ek bez sk\u00f3rki<\/p>\n<p>u\u017cyto 200g \u015bwie\u017cych owoc\u00f3w malin na wyprodukowanie porcji 25g<\/p>\n<p>20g<\/p>\n","protected":false},"excerpt":{"rendered":"<p>Pyszne liofilizowane jab\u0142ka delikatne naturalne kr\u0105\u017cki jab\u0142ek bez sk\u00f3rki u\u017cyto  [&#8230;]<\/p>\n","protected":false},"featured_media":2725,"comment_status":"open","ping_status":"closed","template":"","meta":[],"product_brand":[],"product_cat":[93,30],"product_tag":[],"class_list":{"0":"post-2369","1":"product","2":"type-product","3":"status-publish","4":"has-post-thumbnail","6":"product_cat-owoce-liofilizowane","7":"product_cat-spizarnia","9":"first","10":"instock","11":"shipping-taxable","12":"purchasable","13":"product-type-simple"},"_links":{"self":[{"href":"https:\/\/kawazpianka.pl\/index.php\/wp-json\/wp\/v2\/product\/2369","targetHints":{"allow":["GET"]}}],"collection":[{"href":"https:\/\/kawazpianka.pl\/index.php\/wp-json\/wp\/v2\/product"}],"about":[{"href":"https:\/\/kawazpianka.pl\/index.php\/wp-json\/wp\/v2\/types\/product"}],"replies":[{"embeddable":true,"href":"https:\/\/kawazpianka.pl\/index.php\/wp-json\/wp\/v2\/comments?post=2369"}],"wp:featuredmedia":[{"embeddable":true,"href":"https:\/\/kawazpianka.pl\/index.php\/wp-json\/wp\/v2\/media\/2725"}],"wp:attachment":[{"href":"https:\/\/kawazpianka.pl\/index.php\/wp-json\/wp\/v2\/media?parent=2369"}],"wp:term":[{"taxonomy":"product_brand","embeddable":true,"href":"https:\/\/kawazpianka.pl\/index.php\/wp-json\/wp\/v2\/product_brand?post=2369"},{"taxonomy":"product_cat","embeddable":true,"href":"https:\/\/kawazpianka.pl\/index.php\/wp-json\/wp\/v2\/product_cat?post=2369"},{"taxonomy":"product_tag","embeddable":true,"href":"https:\/\/kawazpianka.pl\/index.php\/wp-json\/wp\/v2\/product_tag?post=2369"}],"curies":[{"name":"wp","href":"https:\/\/api.w.org\/{rel}","templated":true}]}}