{"id":235,"date":"2025-09-07T15:41:00","date_gmt":"2025-09-07T15:41:00","guid":{"rendered":"https:\/\/kawazpianka.pl\/?post_type=product&#038;p=235"},"modified":"2025-11-23T21:57:40","modified_gmt":"2025-11-23T21:57:40","slug":"gruszka-z-solonym-karmelem","status":"publish","type":"product","link":"https:\/\/kawazpianka.pl\/index.php\/produkt\/gruszka-z-solonym-karmelem\/","title":{"rendered":"Gruszka z solonym karmelem"},"content":{"rendered":"<div style=\"font-family: 'Helvetica Neue', Arial, sans-serif;line-height: 1.7;color: #222;font-size: 15px\">\n<p>Dla fan\u00f3w <strong>solonego karmelu<\/strong> w duecie z <strong>gruszk\u0105<\/strong>. Aromaty s\u0105 \u015bwietnie zbalansowane \u2014 wzajemnie si\u0119 uzupe\u0142niaj\u0105 i podbijaj\u0105,<br \/>\ntworz\u0105c pyszn\u0105 kompozycj\u0119 na bazie <strong>100% Arabiki z Brazylii<\/strong>.<\/p>\n<div style=\"margin: 20px 0;padding: 14px 18px;border: 1px solid #eee;border-radius: 8px\">\n<h4 style=\"margin: 0 0 10px 0;font-size: 16px;font-weight: 600\">Profil aromatyczny<\/h4>\n<ul style=\"padding: 0;margin: 0\">\n<li>\ud83c\udf50 Soczysta gruszka<\/li>\n<li>\ud83e\uddc2 Karmel z nut\u0105 soli<\/li>\n<li>\ud83c\udf6c S\u0142odko\u2011s\u0142ony balans<\/li>\n<\/ul>\n<\/div>\n<div style=\"margin-top: 14px;font-size: 14px;color: #444\">\n<p style=\"margin: 0 0 6px 0\"><strong>Sk\u0142ad:<\/strong> 100% Arabica (Brazylia), aromat.<\/p>\n<p style=\"margin: 0 0 6px 0\"><strong>Spos\u00f3b przechowywania:<\/strong> przechowywa\u0107 w suchym miejscu, temp. poni\u017cej 25\u00b0C, w szczelnie zamkni\u0119tym opakowaniu.<\/p>\n<p style=\"margin: 0;color: #a00\"><em>*Nie zalecamy stosowania w ekspresach automatycznych wyposa\u017conych w m\u0142ynek.<\/em><\/p>\n<\/div>\n<\/div>\n","protected":false},"excerpt":{"rendered":"<p>Dla fan\u00f3w solonego karmelu w duecie z gruszk\u0105. Aromaty s\u0105  [&#8230;]<\/p>\n","protected":false},"featured_media":2122,"comment_status":"open","ping_status":"closed","template":"","meta":[],"product_brand":[],"product_cat":[37,26],"product_tag":[],"class_list":{"0":"post-235","1":"product","2":"type-product","3":"status-publish","4":"has-post-thumbnail","6":"product_cat-2kawa-aromatyczna","7":"product_cat-4kawa","9":"first","10":"instock","11":"featured","12":"shipping-taxable","13":"purchasable","14":"product-type-variable","15":"has-default-attributes"},"_links":{"self":[{"href":"https:\/\/kawazpianka.pl\/index.php\/wp-json\/wp\/v2\/product\/235","targetHints":{"allow":["GET"]}}],"collection":[{"href":"https:\/\/kawazpianka.pl\/index.php\/wp-json\/wp\/v2\/product"}],"about":[{"href":"https:\/\/kawazpianka.pl\/index.php\/wp-json\/wp\/v2\/types\/product"}],"replies":[{"embeddable":true,"href":"https:\/\/kawazpianka.pl\/index.php\/wp-json\/wp\/v2\/comments?post=235"}],"wp:featuredmedia":[{"embeddable":true,"href":"https:\/\/kawazpianka.pl\/index.php\/wp-json\/wp\/v2\/media\/2122"}],"wp:attachment":[{"href":"https:\/\/kawazpianka.pl\/index.php\/wp-json\/wp\/v2\/media?parent=235"}],"wp:term":[{"taxonomy":"product_brand","embeddable":true,"href":"https:\/\/kawazpianka.pl\/index.php\/wp-json\/wp\/v2\/product_brand?post=235"},{"taxonomy":"product_cat","embeddable":true,"href":"https:\/\/kawazpianka.pl\/index.php\/wp-json\/wp\/v2\/product_cat?post=235"},{"taxonomy":"product_tag","embeddable":true,"href":"https:\/\/kawazpianka.pl\/index.php\/wp-json\/wp\/v2\/product_tag?post=235"}],"curies":[{"name":"wp","href":"https:\/\/api.w.org\/{rel}","templated":true}]}}