{"id":2090,"date":"2025-11-02T18:22:28","date_gmt":"2025-11-02T18:22:28","guid":{"rendered":"https:\/\/kawazpianka.pl\/?post_type=product&#038;p=2090"},"modified":"2025-11-17T17:37:43","modified_gmt":"2025-11-17T17:37:43","slug":"mini-miodek-40g","status":"publish","type":"product","link":"https:\/\/kawazpianka.pl\/index.php\/produkt\/mini-miodek-40g\/","title":{"rendered":"mini miodek 40g"},"content":{"rendered":"<h3>mini miodek wielokwiatowy<\/h3>\n<p>fajny jako dodatek do upomink\u00f3w,<\/p>\n<p>do herbatki<\/p>\n<p>dla go\u015bci na r\u00f3\u017cnego rodzaju uroczysto\u015bci takie jak chrzest, komunia, wesele<\/p>\n<p>jasnor\u00f3\u017cowy<\/p>\n<p>&nbsp;<\/p>\n<p>40g<\/p>\n","protected":false},"excerpt":{"rendered":"<p>mini miodek wielokwiatowy fajny jako dodatek do upomink\u00f3w, do herbatki  [&#8230;]<\/p>\n","protected":false},"featured_media":2082,"comment_status":"open","ping_status":"closed","template":"","meta":[],"product_brand":[],"product_cat":[104,32,90,30],"product_tag":[],"class_list":{"0":"post-2090","1":"product","2":"type-product","3":"status-publish","4":"has-post-thumbnail","6":"product_cat-i-cos-jeszcze","7":"product_cat-masz-juz-wszystko","8":"product_cat-miody","9":"product_cat-spizarnia","11":"first","12":"instock","13":"shipping-taxable","14":"purchasable","15":"product-type-simple"},"_links":{"self":[{"href":"https:\/\/kawazpianka.pl\/index.php\/wp-json\/wp\/v2\/product\/2090","targetHints":{"allow":["GET"]}}],"collection":[{"href":"https:\/\/kawazpianka.pl\/index.php\/wp-json\/wp\/v2\/product"}],"about":[{"href":"https:\/\/kawazpianka.pl\/index.php\/wp-json\/wp\/v2\/types\/product"}],"replies":[{"embeddable":true,"href":"https:\/\/kawazpianka.pl\/index.php\/wp-json\/wp\/v2\/comments?post=2090"}],"wp:featuredmedia":[{"embeddable":true,"href":"https:\/\/kawazpianka.pl\/index.php\/wp-json\/wp\/v2\/media\/2082"}],"wp:attachment":[{"href":"https:\/\/kawazpianka.pl\/index.php\/wp-json\/wp\/v2\/media?parent=2090"}],"wp:term":[{"taxonomy":"product_brand","embeddable":true,"href":"https:\/\/kawazpianka.pl\/index.php\/wp-json\/wp\/v2\/product_brand?post=2090"},{"taxonomy":"product_cat","embeddable":true,"href":"https:\/\/kawazpianka.pl\/index.php\/wp-json\/wp\/v2\/product_cat?post=2090"},{"taxonomy":"product_tag","embeddable":true,"href":"https:\/\/kawazpianka.pl\/index.php\/wp-json\/wp\/v2\/product_tag?post=2090"}],"curies":[{"name":"wp","href":"https:\/\/api.w.org\/{rel}","templated":true}]}}