{"id":1547,"date":"2025-09-30T10:10:30","date_gmt":"2025-09-30T10:10:30","guid":{"rendered":"https:\/\/kawazpianka.pl\/index.php\/produkt\/sok-100-imbir\/"},"modified":"2026-02-24T17:32:21","modified_gmt":"2026-02-24T17:32:21","slug":"sok-100-imbir","status":"publish","type":"product","link":"https:\/\/kawazpianka.pl\/index.php\/produkt\/sok-100-imbir\/","title":{"rendered":"100% Imbir -20%"},"content":{"rendered":"<h1><b>Sok Mocny IMBIR<\/b><\/h1>\n<p>Je\u015bli poszukujecie pysznego, rozgrzewaj\u0105cego soku, to polecamy nasz sok z imbiru. Imbir ma zastosowanie nie tylko w formie przyprawy, ale tak\u017ce jako rozgrzewaj\u0105cy sok. K\u0142\u0105cze imbiru z kt\u00f3rego t\u0142oczymy MOCNY IMBIR jest pochodzenia peruwia\u0144skiego.<\/p>\n<p>&nbsp;<\/p>\n<p>W jaki spos\u00f3b mo\u017cna wykorzysta\u0107 nasz sok ? To \u015bwietny dodatek do zimowej herbaty, np. w po\u0142\u0105czeniu z sokiem z cytryn, ale przyda si\u0119 tak\u017ce do przyrz\u0105dzenia rozgrzewaj\u0105cej zupy k<\/p>\n<p><b>Sk\u0142ad soku:<\/b><\/p>\n<ul>\n<li>Sok t\u0142oczony na zimno z k\u0142\u0105cza imbiru 95% sok z cytryn 5%. Pasteryzowany.<\/li>\n<li>240ml<\/li>\n<\/ul>\n<p><b>Przechowywanie<\/b><\/p>\n<p>Przechowywa\u0107 w suchym i zacienionym miejscu w temperaturze od 2 do 20\u00b0C. Po otwarciu przechowywa\u0107 w lod\u00f3wce, spo\u017cy\u0107 w ci\u0105gu 48h.<\/p>\n<p><b>Termin przydatno\u015bci do spo\u017cycia:<\/b><\/p>\n<p>12 miesi\u0119cy od daty produkcji.<\/p>\n<p>&nbsp;<\/p>\n","protected":false},"excerpt":{"rendered":"<p>Sok Mocny IMBIR Je\u015bli poszukujecie pysznego, rozgrzewaj\u0105cego soku, to polecamy  [&#8230;]<\/p>\n","protected":false},"featured_media":1722,"comment_status":"open","ping_status":"closed","template":"","meta":[],"product_brand":[],"product_cat":[30,114,91],"product_tag":[],"class_list":{"0":"post-1547","1":"product","2":"type-product","3":"status-publish","4":"has-post-thumbnail","6":"product_cat-spizarnia","7":"product_cat-strefa-dobrych-cen","8":"product_cat-syropy","10":"first","11":"instock","12":"sale","13":"shipping-taxable","14":"purchasable","15":"product-type-simple"},"_links":{"self":[{"href":"https:\/\/kawazpianka.pl\/index.php\/wp-json\/wp\/v2\/product\/1547","targetHints":{"allow":["GET"]}}],"collection":[{"href":"https:\/\/kawazpianka.pl\/index.php\/wp-json\/wp\/v2\/product"}],"about":[{"href":"https:\/\/kawazpianka.pl\/index.php\/wp-json\/wp\/v2\/types\/product"}],"replies":[{"embeddable":true,"href":"https:\/\/kawazpianka.pl\/index.php\/wp-json\/wp\/v2\/comments?post=1547"}],"wp:featuredmedia":[{"embeddable":true,"href":"https:\/\/kawazpianka.pl\/index.php\/wp-json\/wp\/v2\/media\/1722"}],"wp:attachment":[{"href":"https:\/\/kawazpianka.pl\/index.php\/wp-json\/wp\/v2\/media?parent=1547"}],"wp:term":[{"taxonomy":"product_brand","embeddable":true,"href":"https:\/\/kawazpianka.pl\/index.php\/wp-json\/wp\/v2\/product_brand?post=1547"},{"taxonomy":"product_cat","embeddable":true,"href":"https:\/\/kawazpianka.pl\/index.php\/wp-json\/wp\/v2\/product_cat?post=1547"},{"taxonomy":"product_tag","embeddable":true,"href":"https:\/\/kawazpianka.pl\/index.php\/wp-json\/wp\/v2\/product_tag?post=1547"}],"curies":[{"name":"wp","href":"https:\/\/api.w.org\/{rel}","templated":true}]}}