{"id":1376,"date":"2025-09-29T18:10:41","date_gmt":"2025-09-29T18:10:41","guid":{"rendered":"https:\/\/kawazpianka.pl\/index.php\/produkt\/mango-tango-2\/"},"modified":"2025-12-02T11:55:30","modified_gmt":"2025-12-02T11:55:30","slug":"mango-tango-2","status":"publish","type":"product","link":"https:\/\/kawazpianka.pl\/index.php\/produkt\/mango-tango-2\/","title":{"rendered":"Mango Tango"},"content":{"rendered":"<p>Idealna dla mi\u0142o\u015bnik\u00f3w <strong>naturalnych,napar\u00f3w owocowych<\/strong>.<\/p>\n<p>&nbsp;<\/p>\n<p>sk\u0142ad:kandyzowany ananas, kandyzowane mango, plastry pomara\u0144czy, aromat, p\u0142atki nagietka, truskawka, krokosz barwierski, naturalne aromat<\/p>\n<p>&nbsp;<\/p>\n<p>nasz HIT sprzeda\u017cy<\/p>\n","protected":false},"excerpt":{"rendered":"<p>Idealna dla mi\u0142o\u015bnik\u00f3w naturalnych,napar\u00f3w owocowych. &nbsp; sk\u0142ad:kandyzowany ananas, kandyzowane mango,  [&#8230;]<\/p>\n","protected":false},"featured_media":2189,"comment_status":"open","ping_status":"closed","template":"","meta":[],"product_brand":[],"product_cat":[27,41,34],"product_tag":[],"class_list":{"0":"post-1376","1":"product","2":"type-product","3":"status-publish","4":"has-post-thumbnail","6":"product_cat-5herbata","7":"product_cat-4napary-owocowe","8":"product_cat-2nasze-bestsellery","10":"first","11":"instock","12":"featured","13":"shipping-taxable","14":"purchasable","15":"product-type-variable"},"_links":{"self":[{"href":"https:\/\/kawazpianka.pl\/index.php\/wp-json\/wp\/v2\/product\/1376","targetHints":{"allow":["GET"]}}],"collection":[{"href":"https:\/\/kawazpianka.pl\/index.php\/wp-json\/wp\/v2\/product"}],"about":[{"href":"https:\/\/kawazpianka.pl\/index.php\/wp-json\/wp\/v2\/types\/product"}],"replies":[{"embeddable":true,"href":"https:\/\/kawazpianka.pl\/index.php\/wp-json\/wp\/v2\/comments?post=1376"}],"wp:featuredmedia":[{"embeddable":true,"href":"https:\/\/kawazpianka.pl\/index.php\/wp-json\/wp\/v2\/media\/2189"}],"wp:attachment":[{"href":"https:\/\/kawazpianka.pl\/index.php\/wp-json\/wp\/v2\/media?parent=1376"}],"wp:term":[{"taxonomy":"product_brand","embeddable":true,"href":"https:\/\/kawazpianka.pl\/index.php\/wp-json\/wp\/v2\/product_brand?post=1376"},{"taxonomy":"product_cat","embeddable":true,"href":"https:\/\/kawazpianka.pl\/index.php\/wp-json\/wp\/v2\/product_cat?post=1376"},{"taxonomy":"product_tag","embeddable":true,"href":"https:\/\/kawazpianka.pl\/index.php\/wp-json\/wp\/v2\/product_tag?post=1376"}],"curies":[{"name":"wp","href":"https:\/\/api.w.org\/{rel}","templated":true}]}}