{"id":1288,"date":"2025-09-29T16:51:00","date_gmt":"2025-09-29T16:51:00","guid":{"rendered":"https:\/\/kawazpianka.pl\/index.php\/produkt\/limonkowa-nutka\/"},"modified":"2025-11-02T23:33:33","modified_gmt":"2025-11-02T23:33:33","slug":"limonkowa-nutka","status":"publish","type":"product","link":"https:\/\/kawazpianka.pl\/index.php\/produkt\/limonkowa-nutka\/","title":{"rendered":"Limonkowa Nutka"},"content":{"rendered":"<h2>Limonkowa Nutka<\/h2>\n<p>Poczuj orze\u017awiaj\u0105cy powiew cytrus\u00f3w z nasz\u0105 herbat\u0105 <strong>Limonkowa Nutka<\/strong>! Ta wspania\u0142a indyjska herbata, pachn\u0105ca soczyst\u0105 cytryn\u0105, to idealny sprzymierzeniec w okresie przezi\u0119bie\u0144, a tak\u017ce doskona\u0142y spos\u00f3b na ukojenie pragnienia w upalne letnie dni.<\/p>\n<p>Limonkowa Nutka to herbata do picia o ka\u017cdej porze dnia. Mo\u017cesz delektowa\u0107 si\u0119 ni\u0105 w wydaniu bez dodatk\u00f3w, aby poczu\u0107 pe\u0142ni\u0119 jej \u015bwie\u017cego smaku, lub wzbogaci\u0107 j\u0105 miodem, \u015bwie\u017c\u0105 cytryn\u0105 czy sokiem malinowym, tworz\u0105c w\u0142asne, unikalne kompozycje.<\/p>\n<h3>Cechy herbaty:<\/h3>\n<ul>\n<li><strong>Smak i Aromat:<\/strong> Soczysta cytryna, orze\u017awiaj\u0105ca.<\/li>\n<li><strong>W\u0142a\u015bciwo\u015bci:<\/strong> Wspiera organizm w przezi\u0119bieniach, koi pragnienie.<\/li>\n<li><strong>Sk\u0142adniki:<\/strong> Czarna herbata li\u015bciasta indyjska, suszona sk\u00f3rka cytryny, trawa cytrynowa, aromat.<\/li>\n<li><strong>Uniwersalno\u015b\u0107:<\/strong> Idealna na ka\u017cd\u0105 por\u0119 dnia, \u015bwietna solo lub z dodatkami.<\/li>\n<\/ul>\n<p><strong>Sk\u0142adniki:<\/strong> Herbata czarna li\u015bciasta Indie, suszona sk\u00f3rka cytryny, trawa cytrynowa, aromat.<\/p>\n<h3>Spos\u00f3b przygotowania:<\/h3>\n<ul>\n<li><strong>Ilo\u015b\u0107:<\/strong> Ok. 1 \u0142y\u017ceczka na fili\u017cank\u0119<\/li>\n<li><strong>Temperatura wody:<\/strong> Ok. 95\u00b0C<\/li>\n<li><strong>Czas parzenia:<\/strong> 4-5 min.<\/li>\n<\/ul>\n<h3>Spos\u00f3b przechowywania:<\/h3>\n<p>Przechowywa\u0107 w suchym miejscu i temperaturze poni\u017cej 25\u00b0C, w szczelnie zamkni\u0119tym opakowaniu.<\/p>\n","protected":false},"excerpt":{"rendered":"<p>Limonkowa Nutka Poczuj orze\u017awiaj\u0105cy powiew cytrus\u00f3w z nasz\u0105 herbat\u0105 Limonkowa  [&#8230;]<\/p>\n","protected":false},"featured_media":2167,"comment_status":"open","ping_status":"closed","template":"","meta":[],"product_brand":[],"product_cat":[72,27],"product_tag":[],"class_list":{"0":"post-1288","1":"product","2":"type-product","3":"status-publish","4":"has-post-thumbnail","6":"product_cat-1czarna","7":"product_cat-5herbata","9":"first","10":"instock","11":"shipping-taxable","12":"purchasable","13":"product-type-variable"},"_links":{"self":[{"href":"https:\/\/kawazpianka.pl\/index.php\/wp-json\/wp\/v2\/product\/1288","targetHints":{"allow":["GET"]}}],"collection":[{"href":"https:\/\/kawazpianka.pl\/index.php\/wp-json\/wp\/v2\/product"}],"about":[{"href":"https:\/\/kawazpianka.pl\/index.php\/wp-json\/wp\/v2\/types\/product"}],"replies":[{"embeddable":true,"href":"https:\/\/kawazpianka.pl\/index.php\/wp-json\/wp\/v2\/comments?post=1288"}],"wp:featuredmedia":[{"embeddable":true,"href":"https:\/\/kawazpianka.pl\/index.php\/wp-json\/wp\/v2\/media\/2167"}],"wp:attachment":[{"href":"https:\/\/kawazpianka.pl\/index.php\/wp-json\/wp\/v2\/media?parent=1288"}],"wp:term":[{"taxonomy":"product_brand","embeddable":true,"href":"https:\/\/kawazpianka.pl\/index.php\/wp-json\/wp\/v2\/product_brand?post=1288"},{"taxonomy":"product_cat","embeddable":true,"href":"https:\/\/kawazpianka.pl\/index.php\/wp-json\/wp\/v2\/product_cat?post=1288"},{"taxonomy":"product_tag","embeddable":true,"href":"https:\/\/kawazpianka.pl\/index.php\/wp-json\/wp\/v2\/product_tag?post=1288"}],"curies":[{"name":"wp","href":"https:\/\/api.w.org\/{rel}","templated":true}]}}