{"id":1213,"date":"2025-09-29T15:59:00","date_gmt":"2025-09-29T15:59:00","guid":{"rendered":"https:\/\/kawazpianka.pl\/index.php\/produkt\/brazylijski-duet\/"},"modified":"2025-10-20T16:39:33","modified_gmt":"2025-10-20T16:39:33","slug":"brazylijski-duet","status":"publish","type":"product","link":"https:\/\/kawazpianka.pl\/index.php\/produkt\/brazylijski-duet\/","title":{"rendered":"Brazylijski Duet"},"content":{"rendered":"<div style=\"font-family: 'Helvetica Neue',Arial,sans-serif;line-height: 1.7;color: #222;font-size: 15px\">\n<h4 style=\"margin: 0 0 8px;font-size: 18px;font-weight: bold\">Brazylijski Duet<\/h4>\n<p style=\"margin: 0 0 10px;font-size: 14px;color: #666\">kawa ziarno \u2022 250 g \/ 1 kg<\/p>\n<p style=\"margin: 0 0 10px;font-size: 13px;color: #0a7b34\">Bestseller do ekspresu i kawiarki<\/p>\n<p>Je\u015bli szukasz kawy o <strong>niskiej kwasowo\u015bci<\/strong> \u2014 to jest to.<br \/>\nCelowo wyd\u0142u\u017cony profil palenia redukuje kwasowo\u015b\u0107 do minimum, podbijaj\u0105c nuty<br \/>\n<strong>gorzkiej czekolady<\/strong> i <strong>orzecha<\/strong>.<br \/>\nSprawdza si\u0119 we wszystkich metodach parzenia, zachowuj\u0105c klasyczne nuty smakowe.<br \/>\nPo\u0142\u0105czenie <strong>dw\u00f3ch brazylijskich Arabik<\/strong>. Profil palenia: <strong>\u015bredni<\/strong>.<\/p>\n<div style=\"margin: 12px 0;padding: 12px 14px;border: 1px solid #eee;border-radius: 8px;background: #fafafa\">\n<h4 style=\"margin: 0 0 8px;font-size: 16px\">Parametry smakowe<\/h4>\n<ul style=\"padding: 0;margin: 0\">\n<li>Kwasowo\u015b\u0107 \u2013 <strong>*<\/strong><\/li>\n<li>Gorycz \u2013 <strong>*<\/strong><\/li>\n<li>S\u0142odycz \u2013 <strong>**<\/strong><\/li>\n<li>Ocena cuppingowa \u2013 <strong>81\u201383\/100<\/strong><\/li>\n<\/ul>\n<\/div>\n<p style=\"font-size: 13px;color: #444;margin: 0\"><strong>Sugestie parzenia:<\/strong> espresso, kawiarka, French press; \u015bwietna tak\u017ce do americano i flat white.<\/p>\n<\/div>\n","protected":false},"excerpt":{"rendered":"<p>Brazylijski Duet kawa ziarno \u2022 250 g \/ 1 kg  [&#8230;]<\/p>\n","protected":false},"featured_media":1834,"comment_status":"open","ping_status":"closed","template":"","meta":[],"product_brand":[],"product_cat":[39,26],"product_tag":[],"class_list":{"0":"post-1213","1":"product","2":"type-product","3":"status-publish","4":"has-post-thumbnail","6":"product_cat-5kawa-inne","7":"product_cat-4kawa","9":"first","10":"instock","11":"shipping-taxable","12":"purchasable","13":"product-type-variable"},"_links":{"self":[{"href":"https:\/\/kawazpianka.pl\/index.php\/wp-json\/wp\/v2\/product\/1213","targetHints":{"allow":["GET"]}}],"collection":[{"href":"https:\/\/kawazpianka.pl\/index.php\/wp-json\/wp\/v2\/product"}],"about":[{"href":"https:\/\/kawazpianka.pl\/index.php\/wp-json\/wp\/v2\/types\/product"}],"replies":[{"embeddable":true,"href":"https:\/\/kawazpianka.pl\/index.php\/wp-json\/wp\/v2\/comments?post=1213"}],"wp:featuredmedia":[{"embeddable":true,"href":"https:\/\/kawazpianka.pl\/index.php\/wp-json\/wp\/v2\/media\/1834"}],"wp:attachment":[{"href":"https:\/\/kawazpianka.pl\/index.php\/wp-json\/wp\/v2\/media?parent=1213"}],"wp:term":[{"taxonomy":"product_brand","embeddable":true,"href":"https:\/\/kawazpianka.pl\/index.php\/wp-json\/wp\/v2\/product_brand?post=1213"},{"taxonomy":"product_cat","embeddable":true,"href":"https:\/\/kawazpianka.pl\/index.php\/wp-json\/wp\/v2\/product_cat?post=1213"},{"taxonomy":"product_tag","embeddable":true,"href":"https:\/\/kawazpianka.pl\/index.php\/wp-json\/wp\/v2\/product_tag?post=1213"}],"curies":[{"name":"wp","href":"https:\/\/api.w.org\/{rel}","templated":true}]}}