{"id":1211,"date":"2025-09-29T15:59:00","date_gmt":"2025-09-29T15:59:00","guid":{"rendered":"https:\/\/kawazpianka.pl\/index.php\/produkt\/poludniowe-italiano\/"},"modified":"2026-02-04T10:17:52","modified_gmt":"2026-02-04T10:17:52","slug":"poludniowe-italiano","status":"publish","type":"product","link":"https:\/\/kawazpianka.pl\/index.php\/produkt\/poludniowe-italiano\/","title":{"rendered":"Po\u0142udniowe Italiano"},"content":{"rendered":"<div style=\"font-family: 'Helvetica Neue',Arial,sans-serif;line-height: 1.7;color: #222;font-size: 15px\">\n<h4 style=\"margin: 0 0 8px;font-size: 18px;font-weight: bold\">Po\u0142udniowe Italiano<\/h4>\n<p style=\"margin: 0 0 10px;font-size: 14px;color: #666\">kawa ziarno \u2022 250 g \/ 1 kg<\/p>\n<p>Inspirowana wizyt\u0105 w Neapolu i typowym w\u0142oskim espresso.<br \/>\n<strong>100% Arabica z Brazylii<\/strong> (Catua\u00ed, Mundo Novo) daje nuty<br \/>\n<strong>czekolady deserowej<\/strong> i <strong>karmelu<\/strong> oraz bardzo nisk\u0105 kwasowo\u015b\u0107.<br \/>\nTopowa mieszanka w stylu w\u0142oskim. Profil palenia: <strong>ciemny<\/strong>, obr\u00f3bka: <strong>naturalna<\/strong>.<\/p>\n<div style=\"margin: 12px 0;padding: 12px 14px;border: 1px solid #eee;border-radius: 8px;background: #fafafa\">\n<h4 style=\"margin: 0 0 8px;font-size: 16px\">Parametry smakowe<\/h4>\n<ul style=\"padding: 0;margin: 0\">\n<li>Kwasowo\u015b\u0107 \u2013 <strong>*<\/strong><\/li>\n<li>Gorycz \u2013 <strong>**<\/strong><\/li>\n<li>S\u0142odycz \u2013 <strong>**<\/strong><\/li>\n<li>Ocena cuppingowa \u2013 <strong>83\u201385\/100<\/strong><\/li>\n<\/ul>\n<\/div>\n<p style=\"font-size: 13px;color: #444;margin: 0\"><strong>Sugestie parzenia:<\/strong> espresso, kawiarka; \u015bwietna jako espresso i baza do flat white.<\/p>\n<\/div>\n","protected":false},"excerpt":{"rendered":"<p>Po\u0142udniowe Italiano kawa ziarno \u2022 250 g \/ 1 kg  [&#8230;]<\/p>\n","protected":false},"featured_media":1836,"comment_status":"open","ping_status":"closed","template":"","meta":[],"product_brand":[],"product_cat":[39,26],"product_tag":[],"class_list":{"0":"post-1211","1":"product","2":"type-product","3":"status-publish","4":"has-post-thumbnail","6":"product_cat-5kawa-inne","7":"product_cat-4kawa","9":"first","10":"instock","11":"shipping-taxable","12":"purchasable","13":"product-type-variable"},"_links":{"self":[{"href":"https:\/\/kawazpianka.pl\/index.php\/wp-json\/wp\/v2\/product\/1211","targetHints":{"allow":["GET"]}}],"collection":[{"href":"https:\/\/kawazpianka.pl\/index.php\/wp-json\/wp\/v2\/product"}],"about":[{"href":"https:\/\/kawazpianka.pl\/index.php\/wp-json\/wp\/v2\/types\/product"}],"replies":[{"embeddable":true,"href":"https:\/\/kawazpianka.pl\/index.php\/wp-json\/wp\/v2\/comments?post=1211"}],"wp:featuredmedia":[{"embeddable":true,"href":"https:\/\/kawazpianka.pl\/index.php\/wp-json\/wp\/v2\/media\/1836"}],"wp:attachment":[{"href":"https:\/\/kawazpianka.pl\/index.php\/wp-json\/wp\/v2\/media?parent=1211"}],"wp:term":[{"taxonomy":"product_brand","embeddable":true,"href":"https:\/\/kawazpianka.pl\/index.php\/wp-json\/wp\/v2\/product_brand?post=1211"},{"taxonomy":"product_cat","embeddable":true,"href":"https:\/\/kawazpianka.pl\/index.php\/wp-json\/wp\/v2\/product_cat?post=1211"},{"taxonomy":"product_tag","embeddable":true,"href":"https:\/\/kawazpianka.pl\/index.php\/wp-json\/wp\/v2\/product_tag?post=1211"}],"curies":[{"name":"wp","href":"https:\/\/api.w.org\/{rel}","templated":true}]}}