{"id":1126,"date":"2025-09-29T15:41:00","date_gmt":"2025-09-29T15:41:00","guid":{"rendered":"https:\/\/kawazpianka.pl\/index.php\/produkt\/bezkofeinowa-karmelove\/"},"modified":"2026-02-04T11:32:29","modified_gmt":"2026-02-04T11:32:29","slug":"bezkofeinowa-karmelove","status":"publish","type":"product","link":"https:\/\/kawazpianka.pl\/index.php\/produkt\/bezkofeinowa-karmelove\/","title":{"rendered":"Bezkofeinowa Karmelove 250g"},"content":{"rendered":"<div style=\"font-family: 'Helvetica Neue',Arial,sans-serif;line-height: 1.7;color: #222;font-size: 15px\">\n<h4 style=\"margin: 0 0 8px;font-size: 18px;font-weight: bold\">Bezkofeinowa Karme-love<\/h4>\n<p style=\"margin: 0 0 10px;font-size: 14px;color: #666\">kawa ziarno\/mielona \u2022 250 g<\/p>\n<p>Rozkoszuj si\u0119 smakiem \u015bwie\u017co palonej Arabiki decafe po\u0142\u0105czonej z aromatem <strong>cukierk\u00f3w\u2013karmelk\u00f3w<\/strong>.<br \/>\nFili\u017canka tej kawy rozpala zmys\u0142y koneser\u00f3w smako\u0142yk\u00f3w. Idealna z dodatkiem <strong>cukru trzcinowego<\/strong>, kt\u00f3ry podkre\u015bla karmelowy charakter.<\/p>\n<div style=\"margin: 16px 0;padding: 14px 16px;border: 1px solid #eee;border-radius: 8px\">\n<h4 style=\"margin: 0 0 8px;font-size: 16px\">Profil aromatyczny<\/h4>\n<ul style=\"padding: 0;margin: 0\">\n<li>\ud83c\udf6c Karmelki<\/li>\n<li>\ud83c\udf6f Karmel i br\u0105zowy cukier<\/li>\n<li>\u2615 Deserowe, s\u0142odkie nuty<\/li>\n<\/ul>\n<\/div>\n<p style=\"margin: 0 0 10px;font-size: 14px\"><strong>Sk\u0142ad:<\/strong> 100% Arabica decafe z Brazylii, aromat.<\/p>\n<p style=\"margin: 0 0 10px;font-size: 13px;color: #8a3b00\">* Nie zalecamy stosowania w ekspresach automatycznych wyposa\u017conych w m\u0142ynek.<\/p>\n<div style=\"margin: 12px 0;padding: 10px 12px;background: #fff9e6;border: 1px solid #f5e0a3;border-radius: 6px;font-size: 13px;color: #5a4a1b\"><strong>Informacja o kofeinie:<\/strong> ~97% mniej kofeiny; ok. <strong>3 mg<\/strong> w fili\u017cance.<\/div>\n<p style=\"font-size: 13px;color: #444;margin: 0\"><strong>Spos\u00f3b przechowywania:<\/strong> w suchym miejscu, poni\u017cej 25\u00b0C, w szczelnym opakowaniu.<\/p>\n<\/div>\n","protected":false},"excerpt":{"rendered":"<p>Bezkofeinowa Karme-love kawa ziarno\/mielona \u2022 250 g Rozkoszuj si\u0119 smakiem  [&#8230;]<\/p>\n","protected":false},"featured_media":2812,"comment_status":"open","ping_status":"closed","template":"","meta":[],"product_brand":[],"product_cat":[86],"product_tag":[],"class_list":{"0":"post-1126","1":"product","2":"type-product","3":"status-publish","4":"has-post-thumbnail","6":"product_cat-4bezkofeinowa","8":"first","9":"instock","10":"shipping-taxable","11":"purchasable","12":"product-type-variable"},"_links":{"self":[{"href":"https:\/\/kawazpianka.pl\/index.php\/wp-json\/wp\/v2\/product\/1126","targetHints":{"allow":["GET"]}}],"collection":[{"href":"https:\/\/kawazpianka.pl\/index.php\/wp-json\/wp\/v2\/product"}],"about":[{"href":"https:\/\/kawazpianka.pl\/index.php\/wp-json\/wp\/v2\/types\/product"}],"replies":[{"embeddable":true,"href":"https:\/\/kawazpianka.pl\/index.php\/wp-json\/wp\/v2\/comments?post=1126"}],"wp:featuredmedia":[{"embeddable":true,"href":"https:\/\/kawazpianka.pl\/index.php\/wp-json\/wp\/v2\/media\/2812"}],"wp:attachment":[{"href":"https:\/\/kawazpianka.pl\/index.php\/wp-json\/wp\/v2\/media?parent=1126"}],"wp:term":[{"taxonomy":"product_brand","embeddable":true,"href":"https:\/\/kawazpianka.pl\/index.php\/wp-json\/wp\/v2\/product_brand?post=1126"},{"taxonomy":"product_cat","embeddable":true,"href":"https:\/\/kawazpianka.pl\/index.php\/wp-json\/wp\/v2\/product_cat?post=1126"},{"taxonomy":"product_tag","embeddable":true,"href":"https:\/\/kawazpianka.pl\/index.php\/wp-json\/wp\/v2\/product_tag?post=1126"}],"curies":[{"name":"wp","href":"https:\/\/api.w.org\/{rel}","templated":true}]}}